{"id":216,"date":"2020-10-30T21:58:15","date_gmt":"2020-10-30T21:58:15","guid":{"rendered":"https:\/\/www.tschoeams.webhikers.dev\/?page_id=216"},"modified":"2024-11-22T06:14:40","modified_gmt":"2024-11-22T06:14:40","slug":"hier-gibt-es-meine-biere","status":"publish","type":"page","link":"https:\/\/tschoeams-biere.at\/?page_id=216","title":{"rendered":"Hier gibt es meine Biere"},"content":{"rendered":"\n<p><\/p>\n\n\n\n<h1 class=\"wp-block-heading has-black-color has-text-color\" style=\"font-size:30px\"><strong>MARIA ENZERSDORF<\/strong><\/h1>\n\n\n\n<h2 class=\"wp-block-heading has-vivid-red-color has-text-color\" style=\"font-size:25px\"><span style=\"text-decoration: underline;\"><strong>SO &amp; SO<\/strong><\/span><\/h2>\n\n\n\n<p>S\u00fcdstadtzentrum 1\/5,&nbsp;2344 Maria Enzersdorf&nbsp; &nbsp; <\/p>\n\n\n\n<p><blockquote class=\"wp-embedded-content\" data-secret=\"5DPxz9IXHM\"><a href=\"https:\/\/www.so-so.at\/\">Home<\/a><\/blockquote><iframe loading=\"lazy\" class=\"wp-embedded-content\" sandbox=\"allow-scripts\" security=\"restricted\" style=\"position: absolute; visibility: hidden;\" title=\"&#8222;Home&#8220; &#8212; So &amp; So\" src=\"https:\/\/www.so-so.at\/embed\/#?secret=3pwQV6KmuX#?secret=5DPxz9IXHM\" data-secret=\"5DPxz9IXHM\" width=\"525\" height=\"296\" frameborder=\"0\" marginwidth=\"0\" marginheight=\"0\" scrolling=\"no\"><\/iframe><\/p>\n\n\n\n<p>\u00d6FFNUNGSZEITEN<br>Montag &#8211; Donnerstag von 11.30 &#8211; 23 Uhr,&nbsp;Freitag, Samstag von 11.30-24.00<\/p>\n\n\n\n<p>Tel.: <a href=\"tel:+436502329889\">+4367764590141<\/a><\/p>\n\n\n\n<p>Was gibt es hier noch?<br>Kuchen, Speisen, Bier- udn andere Verkostungen, &#8230;<\/p>\n\n\n\n<h1 class=\"wp-block-heading has-black-color has-text-color\" style=\"font-size:30px\"><strong>M\u00d6DLING<\/strong><\/h1>\n\n\n\n<h2 class=\"wp-block-heading has-vivid-red-color has-text-color\" style=\"font-size:25px\"><span style=\"text-decoration: underline;\"><strong>CAFE WEISS<\/strong><\/span><\/h2>\n\n\n\n<p>Herzoggasse 6,&nbsp;2340 M\u00f6dling&nbsp; &nbsp; <\/p>\n\n\n\n<p>\u00d6FFNUNGSZEITEN<br>Montag bis Freitag von 8.00 &#8211; 18.00 Uhr<br>Samstag von 8.00 &#8211; 17.00<\/p>\n\n\n\n<p>Tel.:  <a href=\"https:\/\/www.google.com\/search?gs_ssp=eJzj4tVP1zc0zCqzAKLiJANGK1WDChNzs5TEtJREcyNjcwvDJEMrgwrTZJMkg-TEFDNjA9NEC8M0L-HkxLRUhfLUzOJihdzD21JyMvPSATyOF40&amp;q=cafe+weiss+m%C3%B6dling&amp;rlz=1C1GGRV_enAT789AT790&amp;oq=cafe+weiss&amp;aqs=chrome.1.69i57j46i39i175i199j0i512j46i175i199i512j0i512l3j46i175i199i512l2.4290j0j4&amp;sourceid=chrome&amp;ie=UTF-8&amp;shem=ssmd#\">0670 5066320<\/a><\/p>\n\n\n\n<p>Was gibt es hier noch?<br>Viele sprechen vom besten Kaffee in M\u00f6dling, ausgezeichnetes Fr\u00fchst\u00fcck,<br>ausgezeichnete Kuchen, Torten und Macarons.<br>Sch\u00f6ner Platz!<\/p>\n\n\n\n<h2 class=\"wp-block-heading has-vivid-red-color has-text-color\" style=\"font-size:25px\"><span style=\"text-decoration: underline;\"><strong>MAUTWIRTSHAUS<\/strong><\/span><\/h2>\n\n\n\n<p>Kaiserin Elisabethstra\u00dfe 22,&nbsp;2340 M\u00f6dling&nbsp; &nbsp; <\/p>\n\n\n\n<p><a href=\"http:\/\/www.mauts.at\/index.phphttp:\/\/www.xn--bhnemayer-q9a.at\/office@mautwirtshaus.at\">http:\/\/www.mauts.at\/index.php<\/a><br><a href=\"http:\/\/www.mauts.at\/index.phphttp:\/\/www.xn--bhnemayer-q9a.at\/office@mautwirtshaus.at\">http:\/\/www.xn--bhnemayer-q9a.at\/<\/a><br><a href=\"http:\/\/www.mauts.at\/index.phphttp:\/\/www.xn--bhnemayer-q9a.at\/office@mautwirtshaus.at\">office@mautwirtshaus.at<\/a><\/p>\n\n\n\n<p>\u00d6FFNUNGSZEITEN<br>t\u00e4glich von 10 &#8211; 24 Uhr,&nbsp;K\u00dcCHE&nbsp;t\u00e4glich von 11 &#8211; 23 Uhr<\/p>\n\n\n\n<p>Tel.: +43 2236 24481<\/p>\n\n\n\n<p>Was gibt es hier noch?<br>Das ist noch ein &#8222;richtiges&#8220; Wirtshaus, das dar\u00fcber hinaus als B\u00fchnenwirtshaus regelm\u00e4\u00dfiges Kulturprogramm auf hohem Niveau bietet.<\/p>\n\n\n\n<h2 class=\"wp-block-heading has-vivid-red-color has-text-color\" style=\"font-size:25px\"><span style=\"text-decoration: underline;\"><strong>PARWAN SUPERMARKT\/ WELT DER BIERE<\/strong><\/span><\/h2>\n\n\n\n<p>Ferdinand Buchberger-Gasse 11,&nbsp;2340&nbsp; &nbsp; M\u00f6dling&nbsp; &nbsp; &nbsp; &nbsp; &nbsp; &nbsp; &nbsp; &nbsp; &nbsp; &nbsp; &nbsp; &nbsp; &nbsp; &nbsp; &nbsp; &nbsp; &nbsp; &nbsp; &nbsp; &nbsp; &nbsp; &nbsp; &nbsp;<br><\/p>\n\n\n\n<p>\u00d6FFNUNGSZEITEN<br>Mo-Fr 8.00-12.00\/15.00-18.00,&nbsp;Sa 8.00-12.00<\/p>\n\n\n\n<p>Was gibt es hier noch?<br>Den besten Wodka der Welt!!!<br>Mehrfach bei den World Spirit Awards pr\u00e4miert!!<br>Eine gro\u00dfe Auswahl an nationalen und&nbsp;internationalen Bieren<\/p>\n\n\n\n<h2 class=\"wp-block-heading has-vivid-red-color has-text-color\" style=\"font-size:25px\"><span style=\"text-decoration: underline;\"><strong>REDBOX<\/strong><\/span><\/h2>\n\n\n\n<p>Eisentorgasse 5, 2340 M\u00f6dling<br><a href=\"https:\/\/www.google.at\/search?rlz=1C1GGRV_enAT789AT790&amp;q=haus+der+jugend+telefon&amp;ludocid=6116811281299427352&amp;sa=X&amp;ved=2ahUKEwiv17r81NTdAhUBESwKHX6qBpgQ6BMwGHoECAcQIA\">Telefon<\/a>: 02236 866363<br><a href=\"http:\/\/www.redbox-moedling.at\">www.redbox-moedling.at<\/a>&nbsp;<\/p>\n\n\n\n<p><\/p>\n\n\n\n<p>\u00d6FFNUNGSZEITEN<br>zu den Veranstaltungen&nbsp;<\/p>\n\n\n\n<p>Sehr gutes und innovatives Kulturprogramm<\/p>\n\n\n\n<h2 class=\"wp-block-heading has-vivid-red-color has-text-color\" style=\"font-size:25px\"><span style=\"text-decoration: underline;\"><strong>REGIONAL &amp; KOSTBAR SHOP<\/strong><\/span><\/h2>\n\n\n\n<p>Kaiserin Elisabeth Stra\u00dfe 2, 2340 M\u00f6dling<br><a href=\"https:\/\/www.google.at\/search?rlz=1C1GGRV_enAT789AT790&amp;q=haus+der+jugend+telefon&amp;ludocid=6116811281299427352&amp;sa=X&amp;ved=2ahUKEwiv17r81NTdAhUBESwKHX6qBpgQ6BMwGHoECAcQIA\">Telefon<\/a>: 02236 400 125<br>Mail: info.service@moedling.at<\/p>\n\n\n\n<p>\u00d6FFNUNGSZEITEN<br>Mo-Fr 09.00-17.00&nbsp;<\/p>\n\n\n\n<p>Was gibt es noch?<\/p>\n\n\n\n<p>S\u00e4mtliche Informationen aus dem Bereich des Tourismus (Unterk\u00fcnfte, Hotels, Prospekte, Stadtplan, Wanderkarten, Urlaubsinformationen)<\/p>\n\n\n\n<p>Geschenkartikel mit M\u00f6dling-Bezug<br>Babenberger-Taler (M\u00f6dlinger Stadtw\u00e4hrung mit 1:1-Wert des Euro),&nbsp;Briefmarken und Sondermarken,&nbsp;\u00d6-Ticket Verkaufsstelle<\/p>\n\n\n\n<p><\/p>\n\n\n\n<h2 class=\"wp-block-heading has-vivid-red-color has-text-color\" style=\"font-size:25px\"><span style=\"text-decoration: underline;\"><strong>SCHLOSSEREI<\/strong><\/span><\/h2>\n\n\n\n<p>Wehrgasse 4, 2340 M\u00f6dling<\/p>\n\n\n\n<p>\u00d6FFNUNGSZEITEN<br>Montag &#8211; Donnerstag: 16.00&nbsp;&#8211; 24.00Uhr<br>Freitag &amp; Samstag: 16.00&nbsp;&#8211; 01.00Uhr<br>Sonntag: 16.00&nbsp;&#8211; 24.00Uhr<\/p>\n\n\n\n<p><br>Telefon:&nbsp;+43 2236 26025<br>E-Mail:&nbsp;<a href=\"mailto:locked@schlosserei.at\">locked@schlosserei.at<\/a><br>Was gibt es hier noch?<br>Ein beliebtes Lokal mit pr\u00e4chtigem Gastgarten. Laufend&nbsp; aktualisierte Speisekarte<\/p>\n\n\n\n<p><\/p>\n\n\n\n<h2 class=\"wp-block-heading has-vivid-red-color has-text-color\" style=\"font-size:25px\"><span style=\"text-decoration: underline;\"><strong>STADTLADEN<\/strong><\/span><\/h2>\n\n\n\n<p>Babenbergergasse 5a,&nbsp;2340 M\u00f6dling<br><a href=\"http:\/\/www.stadtladen.at\/\" target=\"_blank\" rel=\"noreferrer noopener\">www.stadtladen.at<\/a>&nbsp;<br><a href=\"mailto:gutes@stadtladen.at\">gutes@stadtladen.at&nbsp;<\/a><\/p>\n\n\n\n<p>\u00d6FFNUNGSZEITEN<br>Montag bis Sonntag 8.00-2000 durchgehend<\/p>\n\n\n\n<p>Was gibt es hier noch?<br>Wein, Milch, Wurst, Honig, Kaffee, &#8230; &#8211; Produkte aus M\u00f6dling<\/p>\n\n\n\n<p><\/p>\n\n\n\n<p><\/p>\n\n\n\n<p><\/p>\n\n\n\n<p><\/p>\n\n\n\n<h2 class=\"wp-block-heading has-black-color has-text-color\" style=\"font-size:25px\"><strong>BAD V\u00d6SLAU<\/strong><\/h2>\n\n\n\n<p class=\"has-vivid-red-color has-text-color\" style=\"font-size:25px\"><strong><span style=\"text-decoration: underline;\">HOB I RAUM<\/span><\/strong><\/p>\n\n\n\n<p>Hanuschgasse 1\/28A, 2540 Bad V\u00f6slau<br><a href=\"http:\/\/www.hobiraum.at\/\">http:\/\/www.hobiraum.at\/<\/a><\/p>\n\n\n\n<p>+43 (0)&nbsp; +43 676 9178460<br><a href=\"mailto:petra@hobiraum.at\">petra@hobiraum.at<\/a><\/p>\n\n\n\n<p>Events, formidables Kulturprogramm, Raumvermietung<\/p>\n\n\n\n<p><\/p>\n\n\n\n<h1 class=\"wp-block-heading\"><strong>WIEN<\/strong><\/h1>\n\n\n\n<h2 class=\"wp-block-heading has-vivid-red-color has-text-color\" style=\"font-size:25px\"><span style=\"text-decoration: underline;\"><strong>AM NORDPOL<\/strong><\/span><\/h2>\n\n\n\n<p>Nordwestbahnstra\u00dfe 17\/Nordpolstra\u00dfe 3, 1020 Wien<\/p>\n\n\n\n<p>\u00d6FFNUNGSZEITEN&nbsp;<\/p>\n\n\n\n<p>Mo-Fr 17.00-24.00, Sa-So 12.00-24.00<\/p>\n\n\n\n<p>Tel. +43 1 3335854<\/p>\n\n\n\n<p>Was gibt es sonst noch?<br>B\u00f6hmische Tradition,&nbsp; Best of Gro\u00dfmutters Kochbuch, Tradition, die auch heute noch schmeckt, Kn\u00f6delkultur, Gulasch,&nbsp; hausgemachte W\u00fcrste,&nbsp; Mohnnudeln, Levanzen, &#8230;., Gasthauskultur auf h\u00f6chster Stufe<\/p>\n\n\n\n<p><\/p>\n\n\n\n<p><\/p>\n\n\n\n<p><\/p>\n\n\n\n<p><\/p>\n\n\n\n<p><\/p>\n\n\n\n<p><\/p>\n\n\n\n<p><\/p>\n\n\n\n<p><\/p>\n\n\n\n<h2 class=\"wp-block-heading has-vivid-red-color has-text-color\" style=\"font-size:25px\"><span style=\"text-decoration: underline;\"><strong><strong>ODEON\/SERAPIOSTHEATER<\/strong><\/strong><\/span><\/h2>\n\n\n\n<p>Taborstra\u00dfe 10, 1020 Wien<\/p>\n\n\n\n<p>Tel. 01 216 5127<a href=\"https:\/\/www.google.com\/search?q=odeon+theater&amp;rlz=1C1GGRV_enAT789AT790&amp;oq=odeon&amp;aqs=chrome.0.69i59j46i39i175i199j69i57j0i131i433j46i131i175i199i433j0i131i433i457j46i175i199j69i60.4947j0j7&amp;sourceid=chrome&amp;ie=UTF-8#\"> <\/a><\/p>\n\n\n\n<p>Wiens gro\u00dfartigsten Theaterraum!<br>Das Serapionstheater ist f\u00fcr mich die unglaublichste Theatercompanie der Stadt und bietet Produktionen, die u.a. mit Bildern und Bewegungen\/Tanz arbeiten, die ich so noch nie gesehen habe.<br>Das Odeon bietet Raum f\u00fcr andere Veranstaltungen\/Theater\/Tanzproduktionen und Festivals.<\/p>\n\n\n\n<p><\/p>\n\n\n\n<h2 class=\"wp-block-heading has-vivid-red-color has-text-color\" style=\"font-size:25px\"><span style=\"text-decoration: underline;\"><strong><strong>SCHREI&amp;S\u00d6HNE<\/strong><\/strong><\/span><\/h2>\n\n\n\n<p>Sch\u00f6nbrunnerstra\u00dfe 48, 1050 Wien<\/p>\n\n\n\n<p><a href=\"https:\/\/www.schrei.wien\/\">https:\/\/www.schrei.wien\/<\/a><\/p>\n\n\n\n<p>\u00d6FFNUNGSZEITEN&nbsp;<br><a href=\"Di-Do: 11:00-19:00 Uhr, Fr: 11:00-21:00 Uhr und Sa 09:30-15:00 Uhr\">Di-Fr 11.00-19.00,&nbsp;Sa 9.30-15.00<\/a><\/p>\n\n\n\n<p><strong>servus@schrei.wien<\/strong><\/p>\n\n\n\n<p>Was gibt es sonst noch?<br>\u201eSchrei &amp; S\u00f6hne\u201c steht f\u00fcr hochwertige Lebensmittel, Weine, Frischware, Craftbiere und Nicht-Alkoholische Getr\u00e4nke, die mit h\u00f6chster Sorgfalt ausgew\u00e4hlt wurden und nicht im Supermarktregal zu finden sind. Neben dem Verkauf bieten wir Antipastiplatten, offene Weine, Bier und Spirituosen an, die im Gesch\u00e4ftslokal konsumiert werden k\u00f6nnen. So bieten Prosciutto, Mortadella, Pecorino, Oliven, Burrata und ein Glas Prosecco den w\u00fcrdigen Abschluss eines anstrengenden Tages.<\/p>\n\n\n\n<p><\/p>\n","protected":false},"excerpt":{"rendered":"<p>MARIA ENZERSDORF SO &amp; SO S\u00fcdstadtzentrum 1\/5,&nbsp;2344 Maria Enzersdorf&nbsp; &nbsp; Home \u00d6FFNUNGSZEITENMontag &#8211; Donnerstag von 11.30 &#8211; 23 Uhr,&nbsp;Freitag, Samstag von 11.30-24.00 Tel.: +4367764590141 Was gibt es hier noch?Kuchen, Speisen, Bier- udn andere Verkostungen, &#8230; M\u00d6DLING CAFE WEISS Herzoggasse 6,&nbsp;2340 M\u00f6dling&nbsp; &nbsp; \u00d6FFNUNGSZEITENMontag bis Freitag von 8.00 &#8211; 18.00 UhrSamstag von 8.00 &#8211; 17.00 Tel.: &hellip; <\/p>\n<p class=\"link-more\"><a href=\"https:\/\/tschoeams-biere.at\/?page_id=216\" class=\"more-link\"><span class=\"screen-reader-text\">\u201eHier gibt es meine Biere\u201c<\/span> weiterlesen<\/a><\/p>\n","protected":false},"author":1,"featured_media":0,"parent":0,"menu_order":0,"comment_status":"closed","ping_status":"closed","template":"","meta":{"footnotes":""},"class_list":["post-216","page","type-page","status-publish","hentry"],"yoast_head":"<!-- This site is optimized with the Yoast SEO plugin v26.8 - https:\/\/yoast.com\/product\/yoast-seo-wordpress\/ -->\n<title>Hier gibt es meine Biere - TSCH\u00d6AMs BIERE<\/title>\n<meta name=\"robots\" content=\"index, follow, max-snippet:-1, max-image-preview:large, max-video-preview:-1\" \/>\n<link rel=\"canonical\" href=\"https:\/\/tschoeams-biere.at\/?page_id=216\" \/>\n<meta property=\"og:locale\" content=\"de_DE\" \/>\n<meta property=\"og:type\" content=\"article\" \/>\n<meta property=\"og:title\" content=\"Hier gibt es meine Biere - TSCH\u00d6AMs BIERE\" \/>\n<meta property=\"og:description\" content=\"MARIA ENZERSDORF SO &amp; SO S\u00fcdstadtzentrum 1\/5,&nbsp;2344 Maria Enzersdorf&nbsp; &nbsp; Home \u00d6FFNUNGSZEITENMontag &#8211; Donnerstag von 11.30 &#8211; 23 Uhr,&nbsp;Freitag, Samstag von 11.30-24.00 Tel.: +4367764590141 Was gibt es hier noch?Kuchen, Speisen, Bier- udn andere Verkostungen, &#8230; M\u00d6DLING CAFE WEISS Herzoggasse 6,&nbsp;2340 M\u00f6dling&nbsp; &nbsp; \u00d6FFNUNGSZEITENMontag bis Freitag von 8.00 &#8211; 18.00 UhrSamstag von 8.00 &#8211; 17.00 Tel.: &hellip; \u201eHier gibt es meine Biere\u201c weiterlesen\" \/>\n<meta property=\"og:url\" content=\"https:\/\/tschoeams-biere.at\/?page_id=216\" \/>\n<meta property=\"og:site_name\" content=\"TSCH\u00d6AMs BIERE\" \/>\n<meta property=\"article:publisher\" content=\"https:\/\/www.facebook.com\/lovemybeers\/\" \/>\n<meta property=\"article:modified_time\" content=\"2024-11-22T06:14:40+00:00\" \/>\n<meta name=\"twitter:card\" content=\"summary_large_image\" \/>\n<meta name=\"twitter:label1\" content=\"Gesch\u00e4tzte Lesezeit\" \/>\n\t<meta name=\"twitter:data1\" content=\"3\u00a0Minuten\" \/>\n<script type=\"application\/ld+json\" class=\"yoast-schema-graph\">{\"@context\":\"https:\/\/schema.org\",\"@graph\":[{\"@type\":\"WebPage\",\"@id\":\"https:\/\/tschoeams-biere.at\/?page_id=216\",\"url\":\"https:\/\/tschoeams-biere.at\/?page_id=216\",\"name\":\"Hier gibt es meine Biere - TSCH\u00d6AMs BIERE\",\"isPartOf\":{\"@id\":\"https:\/\/tschoeams-biere.at\/#website\"},\"datePublished\":\"2020-10-30T21:58:15+00:00\",\"dateModified\":\"2024-11-22T06:14:40+00:00\",\"breadcrumb\":{\"@id\":\"https:\/\/tschoeams-biere.at\/?page_id=216#breadcrumb\"},\"inLanguage\":\"de\",\"potentialAction\":[{\"@type\":\"ReadAction\",\"target\":[\"https:\/\/tschoeams-biere.at\/?page_id=216\"]}]},{\"@type\":\"BreadcrumbList\",\"@id\":\"https:\/\/tschoeams-biere.at\/?page_id=216#breadcrumb\",\"itemListElement\":[{\"@type\":\"ListItem\",\"position\":1,\"name\":\"Home\",\"item\":\"https:\/\/tschoeams-biere.at\/\"},{\"@type\":\"ListItem\",\"position\":2,\"name\":\"Hier gibt es meine Biere\"}]},{\"@type\":\"WebSite\",\"@id\":\"https:\/\/tschoeams-biere.at\/#website\",\"url\":\"https:\/\/tschoeams-biere.at\/\",\"name\":\"TSCH\u00d6AMs BIERE\",\"description\":\"CRAFTBIER AUS M\u00d6DLING\",\"publisher\":{\"@id\":\"https:\/\/tschoeams-biere.at\/#organization\"},\"potentialAction\":[{\"@type\":\"SearchAction\",\"target\":{\"@type\":\"EntryPoint\",\"urlTemplate\":\"https:\/\/tschoeams-biere.at\/?s={search_term_string}\"},\"query-input\":{\"@type\":\"PropertyValueSpecification\",\"valueRequired\":true,\"valueName\":\"search_term_string\"}}],\"inLanguage\":\"de\"},{\"@type\":\"Organization\",\"@id\":\"https:\/\/tschoeams-biere.at\/#organization\",\"name\":\"TSCH\u00d6AMs BIERE\",\"url\":\"https:\/\/tschoeams-biere.at\/\",\"logo\":{\"@type\":\"ImageObject\",\"inLanguage\":\"de\",\"@id\":\"https:\/\/tschoeams-biere.at\/#\/schema\/logo\/image\/\",\"url\":\"https:\/\/tschoeams-biere.at\/wp-content\/uploads\/2020\/10\/tschoeams-biere_logo.jpg\",\"contentUrl\":\"https:\/\/tschoeams-biere.at\/wp-content\/uploads\/2020\/10\/tschoeams-biere_logo.jpg\",\"width\":560,\"height\":115,\"caption\":\"TSCH\u00d6AMs BIERE\"},\"image\":{\"@id\":\"https:\/\/tschoeams-biere.at\/#\/schema\/logo\/image\/\"},\"sameAs\":[\"https:\/\/www.facebook.com\/lovemybeers\/\",\"https:\/\/www.instagram.com\/tschoeams\/?hl=de\"]}]}<\/script>\n<!-- \/ Yoast SEO plugin. -->","yoast_head_json":{"title":"Hier gibt es meine Biere - TSCH\u00d6AMs BIERE","robots":{"index":"index","follow":"follow","max-snippet":"max-snippet:-1","max-image-preview":"max-image-preview:large","max-video-preview":"max-video-preview:-1"},"canonical":"https:\/\/tschoeams-biere.at\/?page_id=216","og_locale":"de_DE","og_type":"article","og_title":"Hier gibt es meine Biere - TSCH\u00d6AMs BIERE","og_description":"MARIA ENZERSDORF SO &amp; SO S\u00fcdstadtzentrum 1\/5,&nbsp;2344 Maria Enzersdorf&nbsp; &nbsp; Home \u00d6FFNUNGSZEITENMontag &#8211; Donnerstag von 11.30 &#8211; 23 Uhr,&nbsp;Freitag, Samstag von 11.30-24.00 Tel.: +4367764590141 Was gibt es hier noch?Kuchen, Speisen, Bier- udn andere Verkostungen, &#8230; M\u00d6DLING CAFE WEISS Herzoggasse 6,&nbsp;2340 M\u00f6dling&nbsp; &nbsp; \u00d6FFNUNGSZEITENMontag bis Freitag von 8.00 &#8211; 18.00 UhrSamstag von 8.00 &#8211; 17.00 Tel.: &hellip; \u201eHier gibt es meine Biere\u201c weiterlesen","og_url":"https:\/\/tschoeams-biere.at\/?page_id=216","og_site_name":"TSCH\u00d6AMs BIERE","article_publisher":"https:\/\/www.facebook.com\/lovemybeers\/","article_modified_time":"2024-11-22T06:14:40+00:00","twitter_card":"summary_large_image","twitter_misc":{"Gesch\u00e4tzte Lesezeit":"3\u00a0Minuten"},"schema":{"@context":"https:\/\/schema.org","@graph":[{"@type":"WebPage","@id":"https:\/\/tschoeams-biere.at\/?page_id=216","url":"https:\/\/tschoeams-biere.at\/?page_id=216","name":"Hier gibt es meine Biere - TSCH\u00d6AMs BIERE","isPartOf":{"@id":"https:\/\/tschoeams-biere.at\/#website"},"datePublished":"2020-10-30T21:58:15+00:00","dateModified":"2024-11-22T06:14:40+00:00","breadcrumb":{"@id":"https:\/\/tschoeams-biere.at\/?page_id=216#breadcrumb"},"inLanguage":"de","potentialAction":[{"@type":"ReadAction","target":["https:\/\/tschoeams-biere.at\/?page_id=216"]}]},{"@type":"BreadcrumbList","@id":"https:\/\/tschoeams-biere.at\/?page_id=216#breadcrumb","itemListElement":[{"@type":"ListItem","position":1,"name":"Home","item":"https:\/\/tschoeams-biere.at\/"},{"@type":"ListItem","position":2,"name":"Hier gibt es meine Biere"}]},{"@type":"WebSite","@id":"https:\/\/tschoeams-biere.at\/#website","url":"https:\/\/tschoeams-biere.at\/","name":"TSCH\u00d6AMs BIERE","description":"CRAFTBIER AUS M\u00d6DLING","publisher":{"@id":"https:\/\/tschoeams-biere.at\/#organization"},"potentialAction":[{"@type":"SearchAction","target":{"@type":"EntryPoint","urlTemplate":"https:\/\/tschoeams-biere.at\/?s={search_term_string}"},"query-input":{"@type":"PropertyValueSpecification","valueRequired":true,"valueName":"search_term_string"}}],"inLanguage":"de"},{"@type":"Organization","@id":"https:\/\/tschoeams-biere.at\/#organization","name":"TSCH\u00d6AMs BIERE","url":"https:\/\/tschoeams-biere.at\/","logo":{"@type":"ImageObject","inLanguage":"de","@id":"https:\/\/tschoeams-biere.at\/#\/schema\/logo\/image\/","url":"https:\/\/tschoeams-biere.at\/wp-content\/uploads\/2020\/10\/tschoeams-biere_logo.jpg","contentUrl":"https:\/\/tschoeams-biere.at\/wp-content\/uploads\/2020\/10\/tschoeams-biere_logo.jpg","width":560,"height":115,"caption":"TSCH\u00d6AMs BIERE"},"image":{"@id":"https:\/\/tschoeams-biere.at\/#\/schema\/logo\/image\/"},"sameAs":["https:\/\/www.facebook.com\/lovemybeers\/","https:\/\/www.instagram.com\/tschoeams\/?hl=de"]}]}},"jetpack_sharing_enabled":true,"_links":{"self":[{"href":"https:\/\/tschoeams-biere.at\/index.php?rest_route=\/wp\/v2\/pages\/216","targetHints":{"allow":["GET"]}}],"collection":[{"href":"https:\/\/tschoeams-biere.at\/index.php?rest_route=\/wp\/v2\/pages"}],"about":[{"href":"https:\/\/tschoeams-biere.at\/index.php?rest_route=\/wp\/v2\/types\/page"}],"author":[{"embeddable":true,"href":"https:\/\/tschoeams-biere.at\/index.php?rest_route=\/wp\/v2\/users\/1"}],"replies":[{"embeddable":true,"href":"https:\/\/tschoeams-biere.at\/index.php?rest_route=%2Fwp%2Fv2%2Fcomments&post=216"}],"version-history":[{"count":46,"href":"https:\/\/tschoeams-biere.at\/index.php?rest_route=\/wp\/v2\/pages\/216\/revisions"}],"predecessor-version":[{"id":3834,"href":"https:\/\/tschoeams-biere.at\/index.php?rest_route=\/wp\/v2\/pages\/216\/revisions\/3834"}],"wp:attachment":[{"href":"https:\/\/tschoeams-biere.at\/index.php?rest_route=%2Fwp%2Fv2%2Fmedia&parent=216"}],"curies":[{"name":"wp","href":"https:\/\/api.w.org\/{rel}","templated":true}]}}