{"id":8,"date":"2020-10-23T12:56:05","date_gmt":"2020-10-23T12:56:05","guid":{"rendered":"https:\/\/www.tschoeams.webhikers.dev\/?page_id=8"},"modified":"2025-09-03T09:05:15","modified_gmt":"2025-09-03T09:05:15","slug":"home","status":"publish","type":"page","link":"https:\/\/tschoeams-biere.at\/","title":{"rendered":"Home"},"content":{"rendered":"\n<p>Manche werden sich vielleicht \u00fcber den ungew\u00f6hnlichen Markennamen mit der ungew\u00f6hnlichen Schreibweise wundern. Die Erkl\u00e4rung ist sehr einfach: Ich hei\u00dfe Stefan Germany (wirklich!).&nbsp; \u201e<strong>TSCH\u00d6AM<\/strong>\u201c (in genau dieser Schreibweise und Aussprache = sozusagen Lautschrift) wurde schon vor vielen Jahren mein Ruf- bzw. Spitznamen. Die Schreibweise \u201eGerm\u201c h\u00e4tte ich nicht akzeptiert).<\/p>\n\n\n\n<p>Vor einigen Jahren stieg ich in die Welt des <strong>Homebrewing<\/strong> ein.&nbsp;Sehr rasch empfand ich&nbsp;das Selbstgebraute als&nbsp;so gut, dass ich&nbsp; <strong>Pale Ales, IPAs, Wiener Lager, u.s.w. <\/strong>mehr Menschen anbieten wollte und begann 2016 in einer kleinen Brauerei&nbsp;in <strong>M\u00f6dling<\/strong> meine Biere zu brauen.<\/p>\n\n\n\n<p>Im August 2017 \u00fcbersiedelte ich zu Alexander Forstinger und seiner <strong>100Blumen-Brauerei<\/strong> nach Atzgersdorf und braute dort mein <strong>Wiener Wunder<\/strong>.&nbsp;<br>Bei der <strong>Braumanufaktur Schalken<\/strong> braue ich seit Ende 2018 neben  <strong>M\u00f6dlinger Bio Helles<\/strong>, nun auch das <strong>Wiener Wunder<\/strong>, das besondere <strong>Citra Pale Ale<\/strong> , das neue und wunderbare <strong>New England IPA<\/strong>, das <strong>Hopfenheiter IPA<\/strong> und das <strong>Schwarz wie die Nacht<\/strong>, das bei der <strong>Falstaff Bier-Trophy 2020 <\/strong>den <strong>3. Platz <\/strong>erringen konnte, unseren gemeinsamen <strong>BOCK!<\/strong> . <br>In diesem Jahr (<strong>2021<\/strong>) wurde Wiener Wunder mit einem <strong>2. Platz<\/strong> und Citra Pale Ale mit einem <strong>3. Platz<\/strong> belohnt. Au\u00dferdem konnte ich Dank der Mithilfe so vieler Freund*innen und Kund*innen beim <strong>Voting zur beliebtesten N\u00d6. Kleinbrauerei den 2. Platz<\/strong> gewinnen.  2022 wurden 4 meiner Biere bei Falstaff aufgelistet. Bei der Austrian Beer Challenge 2021 konnte das Hopfenheiter IPA den ehrenvollen 4. Platz erreichen, heuer habe ich keine Biere eingereicht.<br><br>Ich freue mich schon jetzt auf weitere Biere!<strong>Craftbier <\/strong>bedeutet f\u00fcr mich&nbsp;&nbsp;<strong>Individualit\u00e4t,&nbsp;Regionalit\u00e4t, Kreativit\u00e4t in der Rezepterstellung, ordentliche Zutaten, saubere und pr\u00e4zise Arbeit in kleinem und feinem Rahmen und (brau-)handwerklicher Ethos<\/strong>.&nbsp;&nbsp;<br>Es zahlt sich aus, professionelle Beratung zu suchen, um in den &#8222;Planeten Bier&#8220; einzutauchen.&nbsp;Bewusster Genuss steht im wirklichen Gegensatz zum schnellen Alltagskr\u00fcgel.<\/p>\n\n\n\n<p>Im Herbst 2017 absolvierte ich meine Ausbildung zum Biersommelier in der Ottakringer Brauerei und schloss im September 2018 jene zum <strong>Diplombiersommelier<\/strong> in Kisbeys Bierkulturhaus&nbsp;in Obertrum&nbsp;ab. Gerne stehe ich f\u00fcr Verkostungen in kleinem und gro\u00dfem Rahmen zur Verf\u00fcgung. <\/p>\n\n\n\n<p>Leider beendete Roland Schalken im J\u00e4nner 2025 seine Braut\u00e4tigkeit und ich konnte bei 100Blumen (Alexander Forstinger) wieder meine Biere brauen. Ich reduzierte die Anzahl der Biere auf 4 (M\u00f6dlinger Bio Helles, Wiener Wunder, Citra Pale Ale, Schwarz wie die Nacht) und werde in der n\u00e4chsten Zeit diese Palette weiter betreiben.<\/p>\n\n\n\n<p>Ein fixer Bestandteil im Kontakt mit meinen Kundinnen und Kunden ist der regelm\u00e4\u00dfig stattfindende <strong>Ab-Hof-Verkauf<\/strong>. N\u00e4here Informationen finden sich auf dieser Seite unter <strong>Blog \/ Infos<\/strong>.<\/p>\n\n\n\n<p>Stefan Germany<\/p>\n\n\n\n<p>P.S. Mein besonderer Dank gilt Bernhard Horak f\u00fcr seine grafische Arbeit und die Unterst\u00fctzung, die er mir immer gibt!<\/p>\n","protected":false},"excerpt":{"rendered":"<p>Manche werden sich vielleicht \u00fcber den ungew\u00f6hnlichen Markennamen mit der ungew\u00f6hnlichen Schreibweise wundern. Die Erkl\u00e4rung ist sehr einfach: Ich hei\u00dfe Stefan Germany (wirklich!).&nbsp; \u201eTSCH\u00d6AM\u201c (in genau dieser Schreibweise und Aussprache = sozusagen Lautschrift) wurde schon vor vielen Jahren mein Ruf- bzw. Spitznamen. Die Schreibweise \u201eGerm\u201c h\u00e4tte ich nicht akzeptiert). Vor einigen Jahren stieg ich in &hellip; <\/p>\n<p class=\"link-more\"><a href=\"https:\/\/tschoeams-biere.at\/\" class=\"more-link\"><span class=\"screen-reader-text\">\u201eHome\u201c<\/span> weiterlesen<\/a><\/p>\n","protected":false},"author":1,"featured_media":1671,"parent":0,"menu_order":0,"comment_status":"closed","ping_status":"closed","template":"","meta":{"footnotes":""},"class_list":["post-8","page","type-page","status-publish","has-post-thumbnail","hentry"],"yoast_head":"<!-- This site is optimized with the Yoast SEO plugin v26.8 - https:\/\/yoast.com\/product\/yoast-seo-wordpress\/ -->\n<title>Home - TSCH\u00d6AMs BIERE<\/title>\n<meta name=\"robots\" content=\"index, follow, max-snippet:-1, max-image-preview:large, max-video-preview:-1\" \/>\n<link rel=\"canonical\" href=\"https:\/\/tschoeams-biere.at\/\" \/>\n<meta property=\"og:locale\" content=\"de_DE\" \/>\n<meta property=\"og:type\" content=\"article\" \/>\n<meta property=\"og:title\" content=\"Home - TSCH\u00d6AMs BIERE\" \/>\n<meta property=\"og:description\" content=\"Manche werden sich vielleicht \u00fcber den ungew\u00f6hnlichen Markennamen mit der ungew\u00f6hnlichen Schreibweise wundern. Die Erkl\u00e4rung ist sehr einfach: Ich hei\u00dfe Stefan Germany (wirklich!).&nbsp; \u201eTSCH\u00d6AM\u201c (in genau dieser Schreibweise und Aussprache = sozusagen Lautschrift) wurde schon vor vielen Jahren mein Ruf- bzw. Spitznamen. Die Schreibweise \u201eGerm\u201c h\u00e4tte ich nicht akzeptiert). Vor einigen Jahren stieg ich in &hellip; \u201eHome\u201c weiterlesen\" \/>\n<meta property=\"og:url\" content=\"https:\/\/tschoeams-biere.at\/\" \/>\n<meta property=\"og:site_name\" content=\"TSCH\u00d6AMs BIERE\" \/>\n<meta property=\"article:publisher\" content=\"https:\/\/www.facebook.com\/lovemybeers\/\" \/>\n<meta property=\"article:modified_time\" content=\"2025-09-03T09:05:15+00:00\" \/>\n<meta property=\"og:image\" content=\"https:\/\/tschoeams-biere.at\/wp-content\/uploads\/2021\/12\/Alle-7-mittel.jpg\" \/>\n\t<meta property=\"og:image:width\" content=\"2006\" \/>\n\t<meta property=\"og:image:height\" content=\"1090\" \/>\n\t<meta property=\"og:image:type\" content=\"image\/jpeg\" \/>\n<meta name=\"twitter:card\" content=\"summary_large_image\" \/>\n<meta name=\"twitter:label1\" content=\"Gesch\u00e4tzte Lesezeit\" \/>\n\t<meta name=\"twitter:data1\" content=\"3\u00a0Minuten\" \/>\n<script type=\"application\/ld+json\" class=\"yoast-schema-graph\">{\"@context\":\"https:\/\/schema.org\",\"@graph\":[{\"@type\":\"WebPage\",\"@id\":\"https:\/\/tschoeams-biere.at\/\",\"url\":\"https:\/\/tschoeams-biere.at\/\",\"name\":\"Home - TSCH\u00d6AMs BIERE\",\"isPartOf\":{\"@id\":\"https:\/\/tschoeams-biere.at\/#website\"},\"primaryImageOfPage\":{\"@id\":\"https:\/\/tschoeams-biere.at\/#primaryimage\"},\"image\":{\"@id\":\"https:\/\/tschoeams-biere.at\/#primaryimage\"},\"thumbnailUrl\":\"https:\/\/tschoeams-biere.at\/wp-content\/uploads\/2021\/12\/Alle-7-mittel.jpg\",\"datePublished\":\"2020-10-23T12:56:05+00:00\",\"dateModified\":\"2025-09-03T09:05:15+00:00\",\"breadcrumb\":{\"@id\":\"https:\/\/tschoeams-biere.at\/#breadcrumb\"},\"inLanguage\":\"de\",\"potentialAction\":[{\"@type\":\"ReadAction\",\"target\":[\"https:\/\/tschoeams-biere.at\/\"]}]},{\"@type\":\"ImageObject\",\"inLanguage\":\"de\",\"@id\":\"https:\/\/tschoeams-biere.at\/#primaryimage\",\"url\":\"https:\/\/tschoeams-biere.at\/wp-content\/uploads\/2021\/12\/Alle-7-mittel.jpg\",\"contentUrl\":\"https:\/\/tschoeams-biere.at\/wp-content\/uploads\/2021\/12\/Alle-7-mittel.jpg\",\"width\":2006,\"height\":1090,\"caption\":\"Alle 7\"},{\"@type\":\"BreadcrumbList\",\"@id\":\"https:\/\/tschoeams-biere.at\/#breadcrumb\",\"itemListElement\":[{\"@type\":\"ListItem\",\"position\":1,\"name\":\"Home\",\"item\":\"https:\/\/tschoeams-biere.at\/\"},{\"@type\":\"ListItem\",\"position\":2,\"name\":\"Home\"}]},{\"@type\":\"WebSite\",\"@id\":\"https:\/\/tschoeams-biere.at\/#website\",\"url\":\"https:\/\/tschoeams-biere.at\/\",\"name\":\"TSCH\u00d6AMs BIERE\",\"description\":\"CRAFTBIER AUS M\u00d6DLING\",\"publisher\":{\"@id\":\"https:\/\/tschoeams-biere.at\/#organization\"},\"potentialAction\":[{\"@type\":\"SearchAction\",\"target\":{\"@type\":\"EntryPoint\",\"urlTemplate\":\"https:\/\/tschoeams-biere.at\/?s={search_term_string}\"},\"query-input\":{\"@type\":\"PropertyValueSpecification\",\"valueRequired\":true,\"valueName\":\"search_term_string\"}}],\"inLanguage\":\"de\"},{\"@type\":\"Organization\",\"@id\":\"https:\/\/tschoeams-biere.at\/#organization\",\"name\":\"TSCH\u00d6AMs BIERE\",\"url\":\"https:\/\/tschoeams-biere.at\/\",\"logo\":{\"@type\":\"ImageObject\",\"inLanguage\":\"de\",\"@id\":\"https:\/\/tschoeams-biere.at\/#\/schema\/logo\/image\/\",\"url\":\"https:\/\/tschoeams-biere.at\/wp-content\/uploads\/2020\/10\/tschoeams-biere_logo.jpg\",\"contentUrl\":\"https:\/\/tschoeams-biere.at\/wp-content\/uploads\/2020\/10\/tschoeams-biere_logo.jpg\",\"width\":560,\"height\":115,\"caption\":\"TSCH\u00d6AMs BIERE\"},\"image\":{\"@id\":\"https:\/\/tschoeams-biere.at\/#\/schema\/logo\/image\/\"},\"sameAs\":[\"https:\/\/www.facebook.com\/lovemybeers\/\",\"https:\/\/www.instagram.com\/tschoeams\/?hl=de\"]}]}<\/script>\n<!-- \/ Yoast SEO plugin. -->","yoast_head_json":{"title":"Home - TSCH\u00d6AMs BIERE","robots":{"index":"index","follow":"follow","max-snippet":"max-snippet:-1","max-image-preview":"max-image-preview:large","max-video-preview":"max-video-preview:-1"},"canonical":"https:\/\/tschoeams-biere.at\/","og_locale":"de_DE","og_type":"article","og_title":"Home - TSCH\u00d6AMs BIERE","og_description":"Manche werden sich vielleicht \u00fcber den ungew\u00f6hnlichen Markennamen mit der ungew\u00f6hnlichen Schreibweise wundern. Die Erkl\u00e4rung ist sehr einfach: Ich hei\u00dfe Stefan Germany (wirklich!).&nbsp; \u201eTSCH\u00d6AM\u201c (in genau dieser Schreibweise und Aussprache = sozusagen Lautschrift) wurde schon vor vielen Jahren mein Ruf- bzw. Spitznamen. Die Schreibweise \u201eGerm\u201c h\u00e4tte ich nicht akzeptiert). Vor einigen Jahren stieg ich in &hellip; \u201eHome\u201c weiterlesen","og_url":"https:\/\/tschoeams-biere.at\/","og_site_name":"TSCH\u00d6AMs BIERE","article_publisher":"https:\/\/www.facebook.com\/lovemybeers\/","article_modified_time":"2025-09-03T09:05:15+00:00","og_image":[{"width":2006,"height":1090,"url":"https:\/\/tschoeams-biere.at\/wp-content\/uploads\/2021\/12\/Alle-7-mittel.jpg","type":"image\/jpeg"}],"twitter_card":"summary_large_image","twitter_misc":{"Gesch\u00e4tzte Lesezeit":"3\u00a0Minuten"},"schema":{"@context":"https:\/\/schema.org","@graph":[{"@type":"WebPage","@id":"https:\/\/tschoeams-biere.at\/","url":"https:\/\/tschoeams-biere.at\/","name":"Home - TSCH\u00d6AMs BIERE","isPartOf":{"@id":"https:\/\/tschoeams-biere.at\/#website"},"primaryImageOfPage":{"@id":"https:\/\/tschoeams-biere.at\/#primaryimage"},"image":{"@id":"https:\/\/tschoeams-biere.at\/#primaryimage"},"thumbnailUrl":"https:\/\/tschoeams-biere.at\/wp-content\/uploads\/2021\/12\/Alle-7-mittel.jpg","datePublished":"2020-10-23T12:56:05+00:00","dateModified":"2025-09-03T09:05:15+00:00","breadcrumb":{"@id":"https:\/\/tschoeams-biere.at\/#breadcrumb"},"inLanguage":"de","potentialAction":[{"@type":"ReadAction","target":["https:\/\/tschoeams-biere.at\/"]}]},{"@type":"ImageObject","inLanguage":"de","@id":"https:\/\/tschoeams-biere.at\/#primaryimage","url":"https:\/\/tschoeams-biere.at\/wp-content\/uploads\/2021\/12\/Alle-7-mittel.jpg","contentUrl":"https:\/\/tschoeams-biere.at\/wp-content\/uploads\/2021\/12\/Alle-7-mittel.jpg","width":2006,"height":1090,"caption":"Alle 7"},{"@type":"BreadcrumbList","@id":"https:\/\/tschoeams-biere.at\/#breadcrumb","itemListElement":[{"@type":"ListItem","position":1,"name":"Home","item":"https:\/\/tschoeams-biere.at\/"},{"@type":"ListItem","position":2,"name":"Home"}]},{"@type":"WebSite","@id":"https:\/\/tschoeams-biere.at\/#website","url":"https:\/\/tschoeams-biere.at\/","name":"TSCH\u00d6AMs BIERE","description":"CRAFTBIER AUS M\u00d6DLING","publisher":{"@id":"https:\/\/tschoeams-biere.at\/#organization"},"potentialAction":[{"@type":"SearchAction","target":{"@type":"EntryPoint","urlTemplate":"https:\/\/tschoeams-biere.at\/?s={search_term_string}"},"query-input":{"@type":"PropertyValueSpecification","valueRequired":true,"valueName":"search_term_string"}}],"inLanguage":"de"},{"@type":"Organization","@id":"https:\/\/tschoeams-biere.at\/#organization","name":"TSCH\u00d6AMs BIERE","url":"https:\/\/tschoeams-biere.at\/","logo":{"@type":"ImageObject","inLanguage":"de","@id":"https:\/\/tschoeams-biere.at\/#\/schema\/logo\/image\/","url":"https:\/\/tschoeams-biere.at\/wp-content\/uploads\/2020\/10\/tschoeams-biere_logo.jpg","contentUrl":"https:\/\/tschoeams-biere.at\/wp-content\/uploads\/2020\/10\/tschoeams-biere_logo.jpg","width":560,"height":115,"caption":"TSCH\u00d6AMs BIERE"},"image":{"@id":"https:\/\/tschoeams-biere.at\/#\/schema\/logo\/image\/"},"sameAs":["https:\/\/www.facebook.com\/lovemybeers\/","https:\/\/www.instagram.com\/tschoeams\/?hl=de"]}]}},"jetpack_sharing_enabled":true,"_links":{"self":[{"href":"https:\/\/tschoeams-biere.at\/index.php?rest_route=\/wp\/v2\/pages\/8","targetHints":{"allow":["GET"]}}],"collection":[{"href":"https:\/\/tschoeams-biere.at\/index.php?rest_route=\/wp\/v2\/pages"}],"about":[{"href":"https:\/\/tschoeams-biere.at\/index.php?rest_route=\/wp\/v2\/types\/page"}],"author":[{"embeddable":true,"href":"https:\/\/tschoeams-biere.at\/index.php?rest_route=\/wp\/v2\/users\/1"}],"replies":[{"embeddable":true,"href":"https:\/\/tschoeams-biere.at\/index.php?rest_route=%2Fwp%2Fv2%2Fcomments&post=8"}],"version-history":[{"count":19,"href":"https:\/\/tschoeams-biere.at\/index.php?rest_route=\/wp\/v2\/pages\/8\/revisions"}],"predecessor-version":[{"id":3887,"href":"https:\/\/tschoeams-biere.at\/index.php?rest_route=\/wp\/v2\/pages\/8\/revisions\/3887"}],"wp:featuredmedia":[{"embeddable":true,"href":"https:\/\/tschoeams-biere.at\/index.php?rest_route=\/wp\/v2\/media\/1671"}],"wp:attachment":[{"href":"https:\/\/tschoeams-biere.at\/index.php?rest_route=%2Fwp%2Fv2%2Fmedia&parent=8"}],"curies":[{"name":"wp","href":"https:\/\/api.w.org\/{rel}","templated":true}]}}