{"id":129,"date":"2020-10-24T20:59:54","date_gmt":"2020-10-24T20:59:54","guid":{"rendered":"https:\/\/www.tschoeams.webhikers.dev\/?post_type=product&#038;p=129"},"modified":"2025-06-21T06:12:15","modified_gmt":"2025-06-21T06:12:15","slug":"citra-pale-ale","status":"publish","type":"product","link":"https:\/\/tschoeams-biere.at\/?product=citra-pale-ale","title":{"rendered":"Citra Pale Ale"},"content":{"rendered":"<p>Ein besonderes Verdienst der neuen <strong>Bierleidenschaft<\/strong> rund um die <strong>Craftbierszene<\/strong> ist die Verwendung amerikanischer, australischer, neuseel\u00e4ndischer und <strong>besonders aromatische<\/strong>r heimischer <strong>Hopfen<\/strong> bzw. der intensiven Neuz\u00fcchtung von Hopfen in den bekannten europ\u00e4ischen Anbaugebieten.<\/p>\n<p>Eines\u00a0dieser Wunder der Natur ist der amerikanische Hopfen <strong>Citra<\/strong>, der in der Geschmacksbeschreibung Noten von <strong>Limette, Grapefruit und\u00a0nat\u00fcrlich Zitrone\u00a0<\/strong>aufweist. Zudem besitzt er eine <strong>kr\u00e4ftige Bittere<\/strong>, die man je nach Braurezept betonen und herausarbeiten kann. Aus meiner Sicht bietet es sich an, diesen Hopfen in sogenannten <strong>Singlehops<\/strong> (Biere, die mit nur einem Hopfen gebraut werden) zu betonen.<\/p>\n<p>Die <strong>Fruchtigkeit<\/strong> dieses Hopfens kommt in meinem Pale Ale =\u00a0helles [pale],\u00a0oberg\u00e4riges\u00a0 \u00a0Bier [Ale]\u00a0gut zur Geltung. Der <strong>Duft<\/strong> (!) des Bieres, die Klarheit im Antrunk und die <strong>Kombination aus Bittere, Citrusfruchtigkeit und einem angenehmen Mundgef\u00fchl<\/strong> \u00fcberraschen manche beim ersten Kosten. Die <strong>trockene Verg\u00e4rung<\/strong> mithilfe einer amerikanischen Hefe machen dieses Bier erfrischend und so genussvoll zu trinken.<\/p>\n<p>Prost!<\/p>\n<p>Oberg\u00e4riges Vollbier,<br \/>\n5,2 Vol.% Alk.<br \/>\nZutaten:\u00a0Wasser, Gerstenmalz, \u00a0Haferflocken,\u00a0Hopfen (Citra), oberg\u00e4rige Hefe<\/p>\n<p><strong>Videopr\u00e4sentation von probier.tv:<\/strong><br \/>\n<a href=\"http:\/\/probier.tv\/2019\/04\/08\/fasten-mit-citra-pale-ale-von-tschoeams\/\">http:\/\/probier.tv\/2019\/04\/08\/fasten-mit-citra-pale-ale-von-tschoeams\/<\/a><img loading=\"lazy\" decoding=\"async\" class=\"alignnone size-medium wp-image-130\" src=\"https:\/\/www.tschoeams-biere.at\/wp-content\/uploads\/2020\/10\/P1250233-206x300.jpg\" alt=\"\" width=\"206\" height=\"300\" srcset=\"https:\/\/tschoeams-biere.at\/wp-content\/uploads\/2020\/10\/P1250233-206x300.jpg 206w, https:\/\/tschoeams-biere.at\/wp-content\/uploads\/2020\/10\/P1250233-350x509.jpg 350w, https:\/\/tschoeams-biere.at\/wp-content\/uploads\/2020\/10\/P1250233-704x1024.jpg 704w, https:\/\/tschoeams-biere.at\/wp-content\/uploads\/2020\/10\/P1250233-768x1117.jpg 768w, https:\/\/tschoeams-biere.at\/wp-content\/uploads\/2020\/10\/P1250233-1056x1536.jpg 1056w, https:\/\/tschoeams-biere.at\/wp-content\/uploads\/2020\/10\/P1250233.jpg 1408w\" sizes=\"auto, (max-width: 206px) 100vw, 206px\" \/><\/p>\n","protected":false},"excerpt":{"rendered":"<p>Ein besonderes Verdienst der neuen Bierleidenschaft rund um die Craftbierszene ist die Verwendung amerikanischer, australischer, neuseel\u00e4ndischer und besonders aromatischer heimischer Hopfen bzw. der intensiven Neuz\u00fcchtung von Hopfen in den bekannten europ\u00e4ischen Anbaugebieten. Eines\u00a0dieser Wunder der Natur ist der amerikanische Hopfen Citra, der in der Geschmacksbeschreibung Noten von Limette, Grapefruit und\u00a0nat\u00fcrlich Zitrone\u00a0aufweist. Zudem besitzt er eine &hellip; <\/p>\n<p class=\"link-more\"><a href=\"https:\/\/tschoeams-biere.at\/?product=citra-pale-ale\" class=\"more-link\"><span class=\"screen-reader-text\">\u201eCitra Pale Ale\u201c<\/span> weiterlesen<\/a><\/p>\n","protected":false},"featured_media":130,"comment_status":"open","ping_status":"closed","template":"","meta":[],"product_brand":[],"product_cat":[18],"product_tag":[],"class_list":{"0":"post-129","1":"product","2":"type-product","3":"status-publish","4":"has-post-thumbnail","6":"product_cat-uncategorized","8":"first","9":"instock","10":"taxable","11":"shipping-taxable","12":"purchasable","13":"product-type-simple"},"yoast_head":"<!-- This site is optimized with the Yoast SEO plugin v26.8 - https:\/\/yoast.com\/product\/yoast-seo-wordpress\/ -->\n<title>Citra Pale Ale - TSCH\u00d6AMs BIERE<\/title>\n<meta name=\"robots\" content=\"index, follow, max-snippet:-1, max-image-preview:large, max-video-preview:-1\" \/>\n<link rel=\"canonical\" href=\"https:\/\/tschoeams-biere.at\/?product=citra-pale-ale\" \/>\n<meta property=\"og:locale\" content=\"de_DE\" \/>\n<meta property=\"og:type\" content=\"article\" \/>\n<meta property=\"og:title\" content=\"Citra Pale Ale - TSCH\u00d6AMs BIERE\" \/>\n<meta property=\"og:description\" content=\"Ein besonderes Verdienst der neuen Bierleidenschaft rund um die Craftbierszene ist die Verwendung amerikanischer, australischer, neuseel\u00e4ndischer und besonders aromatischer heimischer Hopfen bzw. der intensiven Neuz\u00fcchtung von Hopfen in den bekannten europ\u00e4ischen Anbaugebieten. Eines\u00a0dieser Wunder der Natur ist der amerikanische Hopfen Citra, der in der Geschmacksbeschreibung Noten von Limette, Grapefruit und\u00a0nat\u00fcrlich Zitrone\u00a0aufweist. Zudem besitzt er eine &hellip; \u201eCitra Pale Ale\u201c weiterlesen\" \/>\n<meta property=\"og:url\" content=\"https:\/\/tschoeams-biere.at\/?product=citra-pale-ale\" \/>\n<meta property=\"og:site_name\" content=\"TSCH\u00d6AMs BIERE\" \/>\n<meta property=\"article:publisher\" content=\"https:\/\/www.facebook.com\/lovemybeers\/\" \/>\n<meta property=\"article:modified_time\" content=\"2025-06-21T06:12:15+00:00\" \/>\n<meta property=\"og:image\" content=\"https:\/\/tschoeams-biere.at\/wp-content\/uploads\/2020\/10\/P1250233.jpg\" \/>\n\t<meta property=\"og:image:width\" content=\"1408\" \/>\n\t<meta property=\"og:image:height\" content=\"2048\" \/>\n\t<meta property=\"og:image:type\" content=\"image\/jpeg\" \/>\n<meta name=\"twitter:card\" content=\"summary_large_image\" \/>\n<meta name=\"twitter:label1\" content=\"Gesch\u00e4tzte Lesezeit\" \/>\n\t<meta name=\"twitter:data1\" content=\"2\u00a0Minuten\" \/>\n<script type=\"application\/ld+json\" class=\"yoast-schema-graph\">{\"@context\":\"https:\/\/schema.org\",\"@graph\":[{\"@type\":\"WebPage\",\"@id\":\"https:\/\/tschoeams-biere.at\/?product=citra-pale-ale\",\"url\":\"https:\/\/tschoeams-biere.at\/?product=citra-pale-ale\",\"name\":\"Citra Pale Ale - TSCH\u00d6AMs BIERE\",\"isPartOf\":{\"@id\":\"https:\/\/tschoeams-biere.at\/#website\"},\"primaryImageOfPage\":{\"@id\":\"https:\/\/tschoeams-biere.at\/?product=citra-pale-ale#primaryimage\"},\"image\":{\"@id\":\"https:\/\/tschoeams-biere.at\/?product=citra-pale-ale#primaryimage\"},\"thumbnailUrl\":\"https:\/\/tschoeams-biere.at\/wp-content\/uploads\/2020\/10\/P1250233.jpg\",\"datePublished\":\"2020-10-24T20:59:54+00:00\",\"dateModified\":\"2025-06-21T06:12:15+00:00\",\"breadcrumb\":{\"@id\":\"https:\/\/tschoeams-biere.at\/?product=citra-pale-ale#breadcrumb\"},\"inLanguage\":\"de\",\"potentialAction\":[{\"@type\":\"ReadAction\",\"target\":[\"https:\/\/tschoeams-biere.at\/?product=citra-pale-ale\"]}]},{\"@type\":\"ImageObject\",\"inLanguage\":\"de\",\"@id\":\"https:\/\/tschoeams-biere.at\/?product=citra-pale-ale#primaryimage\",\"url\":\"https:\/\/tschoeams-biere.at\/wp-content\/uploads\/2020\/10\/P1250233.jpg\",\"contentUrl\":\"https:\/\/tschoeams-biere.at\/wp-content\/uploads\/2020\/10\/P1250233.jpg\",\"width\":1408,\"height\":2048},{\"@type\":\"BreadcrumbList\",\"@id\":\"https:\/\/tschoeams-biere.at\/?product=citra-pale-ale#breadcrumb\",\"itemListElement\":[{\"@type\":\"ListItem\",\"position\":1,\"name\":\"Home\",\"item\":\"https:\/\/tschoeams-biere.at\/\"},{\"@type\":\"ListItem\",\"position\":2,\"name\":\"Shop\",\"item\":\"https:\/\/tschoeams-biere.at\/?page_id=123\"},{\"@type\":\"ListItem\",\"position\":3,\"name\":\"Citra Pale Ale\"}]},{\"@type\":\"WebSite\",\"@id\":\"https:\/\/tschoeams-biere.at\/#website\",\"url\":\"https:\/\/tschoeams-biere.at\/\",\"name\":\"TSCH\u00d6AMs BIERE\",\"description\":\"CRAFTBIER AUS M\u00d6DLING\",\"publisher\":{\"@id\":\"https:\/\/tschoeams-biere.at\/#organization\"},\"potentialAction\":[{\"@type\":\"SearchAction\",\"target\":{\"@type\":\"EntryPoint\",\"urlTemplate\":\"https:\/\/tschoeams-biere.at\/?s={search_term_string}\"},\"query-input\":{\"@type\":\"PropertyValueSpecification\",\"valueRequired\":true,\"valueName\":\"search_term_string\"}}],\"inLanguage\":\"de\"},{\"@type\":\"Organization\",\"@id\":\"https:\/\/tschoeams-biere.at\/#organization\",\"name\":\"TSCH\u00d6AMs BIERE\",\"url\":\"https:\/\/tschoeams-biere.at\/\",\"logo\":{\"@type\":\"ImageObject\",\"inLanguage\":\"de\",\"@id\":\"https:\/\/tschoeams-biere.at\/#\/schema\/logo\/image\/\",\"url\":\"https:\/\/tschoeams-biere.at\/wp-content\/uploads\/2020\/10\/tschoeams-biere_logo.jpg\",\"contentUrl\":\"https:\/\/tschoeams-biere.at\/wp-content\/uploads\/2020\/10\/tschoeams-biere_logo.jpg\",\"width\":560,\"height\":115,\"caption\":\"TSCH\u00d6AMs BIERE\"},\"image\":{\"@id\":\"https:\/\/tschoeams-biere.at\/#\/schema\/logo\/image\/\"},\"sameAs\":[\"https:\/\/www.facebook.com\/lovemybeers\/\",\"https:\/\/www.instagram.com\/tschoeams\/?hl=de\"]}]}<\/script>\n<!-- \/ Yoast SEO plugin. -->","yoast_head_json":{"title":"Citra Pale Ale - TSCH\u00d6AMs BIERE","robots":{"index":"index","follow":"follow","max-snippet":"max-snippet:-1","max-image-preview":"max-image-preview:large","max-video-preview":"max-video-preview:-1"},"canonical":"https:\/\/tschoeams-biere.at\/?product=citra-pale-ale","og_locale":"de_DE","og_type":"article","og_title":"Citra Pale Ale - TSCH\u00d6AMs BIERE","og_description":"Ein besonderes Verdienst der neuen Bierleidenschaft rund um die Craftbierszene ist die Verwendung amerikanischer, australischer, neuseel\u00e4ndischer und besonders aromatischer heimischer Hopfen bzw. der intensiven Neuz\u00fcchtung von Hopfen in den bekannten europ\u00e4ischen Anbaugebieten. Eines\u00a0dieser Wunder der Natur ist der amerikanische Hopfen Citra, der in der Geschmacksbeschreibung Noten von Limette, Grapefruit und\u00a0nat\u00fcrlich Zitrone\u00a0aufweist. Zudem besitzt er eine &hellip; \u201eCitra Pale Ale\u201c weiterlesen","og_url":"https:\/\/tschoeams-biere.at\/?product=citra-pale-ale","og_site_name":"TSCH\u00d6AMs BIERE","article_publisher":"https:\/\/www.facebook.com\/lovemybeers\/","article_modified_time":"2025-06-21T06:12:15+00:00","og_image":[{"width":1408,"height":2048,"url":"https:\/\/tschoeams-biere.at\/wp-content\/uploads\/2020\/10\/P1250233.jpg","type":"image\/jpeg"}],"twitter_card":"summary_large_image","twitter_misc":{"Gesch\u00e4tzte Lesezeit":"2\u00a0Minuten"},"schema":{"@context":"https:\/\/schema.org","@graph":[{"@type":"WebPage","@id":"https:\/\/tschoeams-biere.at\/?product=citra-pale-ale","url":"https:\/\/tschoeams-biere.at\/?product=citra-pale-ale","name":"Citra Pale Ale - TSCH\u00d6AMs BIERE","isPartOf":{"@id":"https:\/\/tschoeams-biere.at\/#website"},"primaryImageOfPage":{"@id":"https:\/\/tschoeams-biere.at\/?product=citra-pale-ale#primaryimage"},"image":{"@id":"https:\/\/tschoeams-biere.at\/?product=citra-pale-ale#primaryimage"},"thumbnailUrl":"https:\/\/tschoeams-biere.at\/wp-content\/uploads\/2020\/10\/P1250233.jpg","datePublished":"2020-10-24T20:59:54+00:00","dateModified":"2025-06-21T06:12:15+00:00","breadcrumb":{"@id":"https:\/\/tschoeams-biere.at\/?product=citra-pale-ale#breadcrumb"},"inLanguage":"de","potentialAction":[{"@type":"ReadAction","target":["https:\/\/tschoeams-biere.at\/?product=citra-pale-ale"]}]},{"@type":"ImageObject","inLanguage":"de","@id":"https:\/\/tschoeams-biere.at\/?product=citra-pale-ale#primaryimage","url":"https:\/\/tschoeams-biere.at\/wp-content\/uploads\/2020\/10\/P1250233.jpg","contentUrl":"https:\/\/tschoeams-biere.at\/wp-content\/uploads\/2020\/10\/P1250233.jpg","width":1408,"height":2048},{"@type":"BreadcrumbList","@id":"https:\/\/tschoeams-biere.at\/?product=citra-pale-ale#breadcrumb","itemListElement":[{"@type":"ListItem","position":1,"name":"Home","item":"https:\/\/tschoeams-biere.at\/"},{"@type":"ListItem","position":2,"name":"Shop","item":"https:\/\/tschoeams-biere.at\/?page_id=123"},{"@type":"ListItem","position":3,"name":"Citra Pale Ale"}]},{"@type":"WebSite","@id":"https:\/\/tschoeams-biere.at\/#website","url":"https:\/\/tschoeams-biere.at\/","name":"TSCH\u00d6AMs BIERE","description":"CRAFTBIER AUS M\u00d6DLING","publisher":{"@id":"https:\/\/tschoeams-biere.at\/#organization"},"potentialAction":[{"@type":"SearchAction","target":{"@type":"EntryPoint","urlTemplate":"https:\/\/tschoeams-biere.at\/?s={search_term_string}"},"query-input":{"@type":"PropertyValueSpecification","valueRequired":true,"valueName":"search_term_string"}}],"inLanguage":"de"},{"@type":"Organization","@id":"https:\/\/tschoeams-biere.at\/#organization","name":"TSCH\u00d6AMs BIERE","url":"https:\/\/tschoeams-biere.at\/","logo":{"@type":"ImageObject","inLanguage":"de","@id":"https:\/\/tschoeams-biere.at\/#\/schema\/logo\/image\/","url":"https:\/\/tschoeams-biere.at\/wp-content\/uploads\/2020\/10\/tschoeams-biere_logo.jpg","contentUrl":"https:\/\/tschoeams-biere.at\/wp-content\/uploads\/2020\/10\/tschoeams-biere_logo.jpg","width":560,"height":115,"caption":"TSCH\u00d6AMs BIERE"},"image":{"@id":"https:\/\/tschoeams-biere.at\/#\/schema\/logo\/image\/"},"sameAs":["https:\/\/www.facebook.com\/lovemybeers\/","https:\/\/www.instagram.com\/tschoeams\/?hl=de"]}]}},"jetpack_sharing_enabled":true,"_links":{"self":[{"href":"https:\/\/tschoeams-biere.at\/index.php?rest_route=\/wp\/v2\/product\/129","targetHints":{"allow":["GET"]}}],"collection":[{"href":"https:\/\/tschoeams-biere.at\/index.php?rest_route=\/wp\/v2\/product"}],"about":[{"href":"https:\/\/tschoeams-biere.at\/index.php?rest_route=\/wp\/v2\/types\/product"}],"replies":[{"embeddable":true,"href":"https:\/\/tschoeams-biere.at\/index.php?rest_route=%2Fwp%2Fv2%2Fcomments&post=129"}],"wp:featuredmedia":[{"embeddable":true,"href":"https:\/\/tschoeams-biere.at\/index.php?rest_route=\/wp\/v2\/media\/130"}],"wp:attachment":[{"href":"https:\/\/tschoeams-biere.at\/index.php?rest_route=%2Fwp%2Fv2%2Fmedia&parent=129"}],"wp:term":[{"taxonomy":"product_brand","embeddable":true,"href":"https:\/\/tschoeams-biere.at\/index.php?rest_route=%2Fwp%2Fv2%2Fproduct_brand&post=129"},{"taxonomy":"product_cat","embeddable":true,"href":"https:\/\/tschoeams-biere.at\/index.php?rest_route=%2Fwp%2Fv2%2Fproduct_cat&post=129"},{"taxonomy":"product_tag","embeddable":true,"href":"https:\/\/tschoeams-biere.at\/index.php?rest_route=%2Fwp%2Fv2%2Fproduct_tag&post=129"}],"curies":[{"name":"wp","href":"https:\/\/api.w.org\/{rel}","templated":true}]}}