{"id":134,"date":"2020-10-24T21:09:35","date_gmt":"2020-10-24T21:09:35","guid":{"rendered":"https:\/\/www.tschoeams.webhikers.dev\/?post_type=product&#038;p=134"},"modified":"2025-09-03T08:41:33","modified_gmt":"2025-09-03T08:41:33","slug":"schwarz-wie-die-nacht","status":"publish","type":"product","link":"https:\/\/tschoeams-biere.at\/?product=schwarz-wie-die-nacht","title":{"rendered":"Schwarz wie die Nacht"},"content":{"rendered":"<p><strong>Kaffee-, Schokolade- und zarte R\u00f6staromen<\/strong> pr\u00e4gen den Geschmack dieses Bieres. <strong>Vollmundigkeit<\/strong> begleitet die ausgewogene Bittere. und die so bedeutende\u00a0<strong>Dichtheit<\/strong> bringt eine spezielle Qualit\u00e4t in die Trinkwahrnehmung. Dabei ist es mir wichtig, dass die Alkoholst\u00e4rke\u00a0 des Bieres nicht zu kr\u00e4ftig in den Vordergrund tritt. Die <strong>W\u00fcrze der Hopfen<\/strong> und die <strong>S\u00fc\u00dfe des Malzes<\/strong> runden das Geschmackserlebnis ab.<br \/>\n<strong>I love it!<\/strong><\/p>\n<p>Das Bier empfehle ich insbesondere zu S\u00fc\u00dfspeisen, die so besonders sch\u00f6n zur Geltung kommen: Schokolade in fast jeder Form, Vanilleeis mit Schokolade, Kern\u00f6l, Streusel, Krokant, &#8230;.. Mohntorte! Aber nat\u00fcrlich auch als Gustost\u00fcck am Abend &#8211; einfach so, wenn ich mir etwas Besonderes leisten m\u00f6chte &#8211; Freude!<\/p>\n<p>Oberg\u00e4riges Vollbier<\/p>\n<p>6,2 Vol.% Alk.<\/p>\n<p>Zutaten: Wasser, Gerstenmalz, \u00a0Haferflocken, Hopfen (British), oberg\u00e4rige Hefe<\/p>\n<p>Videopr\u00e4sentation meines Schwarz wie die Nacht:<br \/>\n<a href=\"https:\/\/www.youtube.com\/watch?v=GrR6dE35Mlk\">https:\/\/www.youtube.com\/watch?v=GrR6dE35Mlk<\/a><\/p>\n<p><strong>2020 gewann mein Schwarz wie die Nacht den 3. Platz in der Falstaff Bier-Trophy<\/strong><\/p>\n<p>&nbsp;<\/p>\n<p><img loading=\"lazy\" decoding=\"async\" class=\"alignnone size-medium wp-image-135\" src=\"https:\/\/www.tschoeams-biere.at\/wp-content\/uploads\/2020\/10\/P1250196-2-273x300.jpg\" alt=\"\" width=\"273\" height=\"300\" srcset=\"https:\/\/tschoeams-biere.at\/wp-content\/uploads\/2020\/10\/P1250196-2-273x300.jpg 273w, https:\/\/tschoeams-biere.at\/wp-content\/uploads\/2020\/10\/P1250196-2-350x385.jpg 350w, https:\/\/tschoeams-biere.at\/wp-content\/uploads\/2020\/10\/P1250196-2-932x1024.jpg 932w, https:\/\/tschoeams-biere.at\/wp-content\/uploads\/2020\/10\/P1250196-2-768x844.jpg 768w, https:\/\/tschoeams-biere.at\/wp-content\/uploads\/2020\/10\/P1250196-2-1397x1536.jpg 1397w, https:\/\/tschoeams-biere.at\/wp-content\/uploads\/2020\/10\/P1250196-2.jpg 1863w\" sizes=\"auto, (max-width: 273px) 100vw, 273px\" \/><\/p>\n","protected":false},"excerpt":{"rendered":"<p>Kaffee-, Schokolade- und zarte R\u00f6staromen pr\u00e4gen den Geschmack dieses Bieres. Vollmundigkeit begleitet die ausgewogene Bittere. und die so bedeutende\u00a0Dichtheit bringt eine spezielle Qualit\u00e4t in die Trinkwahrnehmung. Dabei ist es mir wichtig, dass die Alkoholst\u00e4rke\u00a0 des Bieres nicht zu kr\u00e4ftig in den Vordergrund tritt. Die W\u00fcrze der Hopfen und die S\u00fc\u00dfe des Malzes runden das Geschmackserlebnis &hellip; <\/p>\n<p class=\"link-more\"><a href=\"https:\/\/tschoeams-biere.at\/?product=schwarz-wie-die-nacht\" class=\"more-link\"><span class=\"screen-reader-text\">\u201eSchwarz wie die Nacht\u201c<\/span> weiterlesen<\/a><\/p>\n","protected":false},"featured_media":135,"comment_status":"open","ping_status":"closed","template":"","meta":[],"product_brand":[],"product_cat":[18],"product_tag":[],"class_list":{"0":"post-134","1":"product","2":"type-product","3":"status-publish","4":"has-post-thumbnail","6":"product_cat-uncategorized","8":"first","9":"instock","10":"taxable","11":"shipping-taxable","12":"purchasable","13":"product-type-simple"},"yoast_head":"<!-- This site is optimized with the Yoast SEO plugin v26.8 - https:\/\/yoast.com\/product\/yoast-seo-wordpress\/ -->\n<title>Schwarz wie die Nacht - TSCH\u00d6AMs BIERE<\/title>\n<meta name=\"robots\" content=\"index, follow, max-snippet:-1, max-image-preview:large, max-video-preview:-1\" \/>\n<link rel=\"canonical\" href=\"https:\/\/tschoeams-biere.at\/?product=schwarz-wie-die-nacht\" \/>\n<meta property=\"og:locale\" content=\"de_DE\" \/>\n<meta property=\"og:type\" content=\"article\" \/>\n<meta property=\"og:title\" content=\"Schwarz wie die Nacht - TSCH\u00d6AMs BIERE\" \/>\n<meta property=\"og:description\" content=\"Kaffee-, Schokolade- und zarte R\u00f6staromen pr\u00e4gen den Geschmack dieses Bieres. Vollmundigkeit begleitet die ausgewogene Bittere. und die so bedeutende\u00a0Dichtheit bringt eine spezielle Qualit\u00e4t in die Trinkwahrnehmung. Dabei ist es mir wichtig, dass die Alkoholst\u00e4rke\u00a0 des Bieres nicht zu kr\u00e4ftig in den Vordergrund tritt. Die W\u00fcrze der Hopfen und die S\u00fc\u00dfe des Malzes runden das Geschmackserlebnis &hellip; \u201eSchwarz wie die Nacht\u201c weiterlesen\" \/>\n<meta property=\"og:url\" content=\"https:\/\/tschoeams-biere.at\/?product=schwarz-wie-die-nacht\" \/>\n<meta property=\"og:site_name\" content=\"TSCH\u00d6AMs BIERE\" \/>\n<meta property=\"article:publisher\" content=\"https:\/\/www.facebook.com\/lovemybeers\/\" \/>\n<meta property=\"article:modified_time\" content=\"2025-09-03T08:41:33+00:00\" \/>\n<meta property=\"og:image\" content=\"https:\/\/tschoeams-biere.at\/wp-content\/uploads\/2020\/10\/P1250196-2.jpg\" \/>\n\t<meta property=\"og:image:width\" content=\"1863\" \/>\n\t<meta property=\"og:image:height\" content=\"2048\" \/>\n\t<meta property=\"og:image:type\" content=\"image\/jpeg\" \/>\n<meta name=\"twitter:card\" content=\"summary_large_image\" \/>\n<meta name=\"twitter:label1\" content=\"Gesch\u00e4tzte Lesezeit\" \/>\n\t<meta name=\"twitter:data1\" content=\"2\u00a0Minuten\" \/>\n<script type=\"application\/ld+json\" class=\"yoast-schema-graph\">{\"@context\":\"https:\/\/schema.org\",\"@graph\":[{\"@type\":\"WebPage\",\"@id\":\"https:\/\/tschoeams-biere.at\/?product=schwarz-wie-die-nacht\",\"url\":\"https:\/\/tschoeams-biere.at\/?product=schwarz-wie-die-nacht\",\"name\":\"Schwarz wie die Nacht - TSCH\u00d6AMs BIERE\",\"isPartOf\":{\"@id\":\"https:\/\/tschoeams-biere.at\/#website\"},\"primaryImageOfPage\":{\"@id\":\"https:\/\/tschoeams-biere.at\/?product=schwarz-wie-die-nacht#primaryimage\"},\"image\":{\"@id\":\"https:\/\/tschoeams-biere.at\/?product=schwarz-wie-die-nacht#primaryimage\"},\"thumbnailUrl\":\"https:\/\/tschoeams-biere.at\/wp-content\/uploads\/2020\/10\/P1250196-2.jpg\",\"datePublished\":\"2020-10-24T21:09:35+00:00\",\"dateModified\":\"2025-09-03T08:41:33+00:00\",\"breadcrumb\":{\"@id\":\"https:\/\/tschoeams-biere.at\/?product=schwarz-wie-die-nacht#breadcrumb\"},\"inLanguage\":\"de\",\"potentialAction\":[{\"@type\":\"ReadAction\",\"target\":[\"https:\/\/tschoeams-biere.at\/?product=schwarz-wie-die-nacht\"]}]},{\"@type\":\"ImageObject\",\"inLanguage\":\"de\",\"@id\":\"https:\/\/tschoeams-biere.at\/?product=schwarz-wie-die-nacht#primaryimage\",\"url\":\"https:\/\/tschoeams-biere.at\/wp-content\/uploads\/2020\/10\/P1250196-2.jpg\",\"contentUrl\":\"https:\/\/tschoeams-biere.at\/wp-content\/uploads\/2020\/10\/P1250196-2.jpg\",\"width\":1863,\"height\":2048},{\"@type\":\"BreadcrumbList\",\"@id\":\"https:\/\/tschoeams-biere.at\/?product=schwarz-wie-die-nacht#breadcrumb\",\"itemListElement\":[{\"@type\":\"ListItem\",\"position\":1,\"name\":\"Home\",\"item\":\"https:\/\/tschoeams-biere.at\/\"},{\"@type\":\"ListItem\",\"position\":2,\"name\":\"Shop\",\"item\":\"https:\/\/tschoeams-biere.at\/?page_id=123\"},{\"@type\":\"ListItem\",\"position\":3,\"name\":\"Schwarz wie die Nacht\"}]},{\"@type\":\"WebSite\",\"@id\":\"https:\/\/tschoeams-biere.at\/#website\",\"url\":\"https:\/\/tschoeams-biere.at\/\",\"name\":\"TSCH\u00d6AMs BIERE\",\"description\":\"CRAFTBIER AUS M\u00d6DLING\",\"publisher\":{\"@id\":\"https:\/\/tschoeams-biere.at\/#organization\"},\"potentialAction\":[{\"@type\":\"SearchAction\",\"target\":{\"@type\":\"EntryPoint\",\"urlTemplate\":\"https:\/\/tschoeams-biere.at\/?s={search_term_string}\"},\"query-input\":{\"@type\":\"PropertyValueSpecification\",\"valueRequired\":true,\"valueName\":\"search_term_string\"}}],\"inLanguage\":\"de\"},{\"@type\":\"Organization\",\"@id\":\"https:\/\/tschoeams-biere.at\/#organization\",\"name\":\"TSCH\u00d6AMs BIERE\",\"url\":\"https:\/\/tschoeams-biere.at\/\",\"logo\":{\"@type\":\"ImageObject\",\"inLanguage\":\"de\",\"@id\":\"https:\/\/tschoeams-biere.at\/#\/schema\/logo\/image\/\",\"url\":\"https:\/\/tschoeams-biere.at\/wp-content\/uploads\/2020\/10\/tschoeams-biere_logo.jpg\",\"contentUrl\":\"https:\/\/tschoeams-biere.at\/wp-content\/uploads\/2020\/10\/tschoeams-biere_logo.jpg\",\"width\":560,\"height\":115,\"caption\":\"TSCH\u00d6AMs BIERE\"},\"image\":{\"@id\":\"https:\/\/tschoeams-biere.at\/#\/schema\/logo\/image\/\"},\"sameAs\":[\"https:\/\/www.facebook.com\/lovemybeers\/\",\"https:\/\/www.instagram.com\/tschoeams\/?hl=de\"]}]}<\/script>\n<!-- \/ Yoast SEO plugin. -->","yoast_head_json":{"title":"Schwarz wie die Nacht - TSCH\u00d6AMs BIERE","robots":{"index":"index","follow":"follow","max-snippet":"max-snippet:-1","max-image-preview":"max-image-preview:large","max-video-preview":"max-video-preview:-1"},"canonical":"https:\/\/tschoeams-biere.at\/?product=schwarz-wie-die-nacht","og_locale":"de_DE","og_type":"article","og_title":"Schwarz wie die Nacht - TSCH\u00d6AMs BIERE","og_description":"Kaffee-, Schokolade- und zarte R\u00f6staromen pr\u00e4gen den Geschmack dieses Bieres. Vollmundigkeit begleitet die ausgewogene Bittere. und die so bedeutende\u00a0Dichtheit bringt eine spezielle Qualit\u00e4t in die Trinkwahrnehmung. Dabei ist es mir wichtig, dass die Alkoholst\u00e4rke\u00a0 des Bieres nicht zu kr\u00e4ftig in den Vordergrund tritt. Die W\u00fcrze der Hopfen und die S\u00fc\u00dfe des Malzes runden das Geschmackserlebnis &hellip; \u201eSchwarz wie die Nacht\u201c weiterlesen","og_url":"https:\/\/tschoeams-biere.at\/?product=schwarz-wie-die-nacht","og_site_name":"TSCH\u00d6AMs BIERE","article_publisher":"https:\/\/www.facebook.com\/lovemybeers\/","article_modified_time":"2025-09-03T08:41:33+00:00","og_image":[{"width":1863,"height":2048,"url":"https:\/\/tschoeams-biere.at\/wp-content\/uploads\/2020\/10\/P1250196-2.jpg","type":"image\/jpeg"}],"twitter_card":"summary_large_image","twitter_misc":{"Gesch\u00e4tzte Lesezeit":"2\u00a0Minuten"},"schema":{"@context":"https:\/\/schema.org","@graph":[{"@type":"WebPage","@id":"https:\/\/tschoeams-biere.at\/?product=schwarz-wie-die-nacht","url":"https:\/\/tschoeams-biere.at\/?product=schwarz-wie-die-nacht","name":"Schwarz wie die Nacht - TSCH\u00d6AMs BIERE","isPartOf":{"@id":"https:\/\/tschoeams-biere.at\/#website"},"primaryImageOfPage":{"@id":"https:\/\/tschoeams-biere.at\/?product=schwarz-wie-die-nacht#primaryimage"},"image":{"@id":"https:\/\/tschoeams-biere.at\/?product=schwarz-wie-die-nacht#primaryimage"},"thumbnailUrl":"https:\/\/tschoeams-biere.at\/wp-content\/uploads\/2020\/10\/P1250196-2.jpg","datePublished":"2020-10-24T21:09:35+00:00","dateModified":"2025-09-03T08:41:33+00:00","breadcrumb":{"@id":"https:\/\/tschoeams-biere.at\/?product=schwarz-wie-die-nacht#breadcrumb"},"inLanguage":"de","potentialAction":[{"@type":"ReadAction","target":["https:\/\/tschoeams-biere.at\/?product=schwarz-wie-die-nacht"]}]},{"@type":"ImageObject","inLanguage":"de","@id":"https:\/\/tschoeams-biere.at\/?product=schwarz-wie-die-nacht#primaryimage","url":"https:\/\/tschoeams-biere.at\/wp-content\/uploads\/2020\/10\/P1250196-2.jpg","contentUrl":"https:\/\/tschoeams-biere.at\/wp-content\/uploads\/2020\/10\/P1250196-2.jpg","width":1863,"height":2048},{"@type":"BreadcrumbList","@id":"https:\/\/tschoeams-biere.at\/?product=schwarz-wie-die-nacht#breadcrumb","itemListElement":[{"@type":"ListItem","position":1,"name":"Home","item":"https:\/\/tschoeams-biere.at\/"},{"@type":"ListItem","position":2,"name":"Shop","item":"https:\/\/tschoeams-biere.at\/?page_id=123"},{"@type":"ListItem","position":3,"name":"Schwarz wie die Nacht"}]},{"@type":"WebSite","@id":"https:\/\/tschoeams-biere.at\/#website","url":"https:\/\/tschoeams-biere.at\/","name":"TSCH\u00d6AMs BIERE","description":"CRAFTBIER AUS M\u00d6DLING","publisher":{"@id":"https:\/\/tschoeams-biere.at\/#organization"},"potentialAction":[{"@type":"SearchAction","target":{"@type":"EntryPoint","urlTemplate":"https:\/\/tschoeams-biere.at\/?s={search_term_string}"},"query-input":{"@type":"PropertyValueSpecification","valueRequired":true,"valueName":"search_term_string"}}],"inLanguage":"de"},{"@type":"Organization","@id":"https:\/\/tschoeams-biere.at\/#organization","name":"TSCH\u00d6AMs BIERE","url":"https:\/\/tschoeams-biere.at\/","logo":{"@type":"ImageObject","inLanguage":"de","@id":"https:\/\/tschoeams-biere.at\/#\/schema\/logo\/image\/","url":"https:\/\/tschoeams-biere.at\/wp-content\/uploads\/2020\/10\/tschoeams-biere_logo.jpg","contentUrl":"https:\/\/tschoeams-biere.at\/wp-content\/uploads\/2020\/10\/tschoeams-biere_logo.jpg","width":560,"height":115,"caption":"TSCH\u00d6AMs BIERE"},"image":{"@id":"https:\/\/tschoeams-biere.at\/#\/schema\/logo\/image\/"},"sameAs":["https:\/\/www.facebook.com\/lovemybeers\/","https:\/\/www.instagram.com\/tschoeams\/?hl=de"]}]}},"jetpack_sharing_enabled":true,"_links":{"self":[{"href":"https:\/\/tschoeams-biere.at\/index.php?rest_route=\/wp\/v2\/product\/134","targetHints":{"allow":["GET"]}}],"collection":[{"href":"https:\/\/tschoeams-biere.at\/index.php?rest_route=\/wp\/v2\/product"}],"about":[{"href":"https:\/\/tschoeams-biere.at\/index.php?rest_route=\/wp\/v2\/types\/product"}],"replies":[{"embeddable":true,"href":"https:\/\/tschoeams-biere.at\/index.php?rest_route=%2Fwp%2Fv2%2Fcomments&post=134"}],"wp:featuredmedia":[{"embeddable":true,"href":"https:\/\/tschoeams-biere.at\/index.php?rest_route=\/wp\/v2\/media\/135"}],"wp:attachment":[{"href":"https:\/\/tschoeams-biere.at\/index.php?rest_route=%2Fwp%2Fv2%2Fmedia&parent=134"}],"wp:term":[{"taxonomy":"product_brand","embeddable":true,"href":"https:\/\/tschoeams-biere.at\/index.php?rest_route=%2Fwp%2Fv2%2Fproduct_brand&post=134"},{"taxonomy":"product_cat","embeddable":true,"href":"https:\/\/tschoeams-biere.at\/index.php?rest_route=%2Fwp%2Fv2%2Fproduct_cat&post=134"},{"taxonomy":"product_tag","embeddable":true,"href":"https:\/\/tschoeams-biere.at\/index.php?rest_route=%2Fwp%2Fv2%2Fproduct_tag&post=134"}],"curies":[{"name":"wp","href":"https:\/\/api.w.org\/{rel}","templated":true}]}}