{"id":1731,"date":"2022-01-25T11:07:24","date_gmt":"2022-01-25T11:07:24","guid":{"rendered":"https:\/\/tschoeams-biere.at\/?post_type=product&#038;p=1731"},"modified":"2025-09-03T08:39:58","modified_gmt":"2025-09-03T08:39:58","slug":"hopfenheiter-ipa","status":"publish","type":"product","link":"https:\/\/tschoeams-biere.at\/?product=hopfenheiter-ipa","title":{"rendered":"Hopfenheiter IPA"},"content":{"rendered":"<p>Mein Hopfenheiter IPA ist ein American (Westcoast) IPA und ich denke, dass das Bier die Kriterien dieses Bierstils gut repr\u00e4sentiert: deutliche Bittere, feine Gew\u00fcrznoten, die auch fruchtige Aromen einschlie\u00dfen, ausreichend Alkohol und sch\u00f6ner Malzk\u00f6rper, strahlende goldene Farbe, trockener Nachtrunk.<\/p>\n<p>Dieses Bier \u00fcberrascht mit feinem\u00a0<strong>Marzipan- und Honigduft<\/strong>, auch mischen sich\u00a0<strong>Kr\u00e4uter- und Nektard\u00fcfte<\/strong>\u00a0ein. Mit dem ersten Schluck stehen\u00a0<strong>Bittere<\/strong>\u00a0und gedeckte\u00a0<strong>Zitrus- bzw. Grapefruitnoten<\/strong>\u00a0im Vordergrund. Der Nachtrunk ist kurz, doch ist der Mundraum erf\u00fcllt von roten Grapefruitaromen. Wer Bitter mag, wird strahlen.<\/p>\n<p>Eine spannende Kreation!<\/p>\n<p>Stammw\u00fcrze 14,6; Alkohol 6,3 Vol. %<\/p>\n","protected":false},"excerpt":{"rendered":"<p>Mein Hopfenheiter IPA ist ein American (Westcoast) IPA und ich denke, dass das Bier die Kriterien dieses Bierstils gut repr\u00e4sentiert: deutliche Bittere, feine Gew\u00fcrznoten, die auch fruchtige Aromen einschlie\u00dfen, ausreichend Alkohol und sch\u00f6ner Malzk\u00f6rper, strahlende goldene Farbe, trockener Nachtrunk. Dieses Bier \u00fcberrascht mit feinem\u00a0Marzipan- und Honigduft, auch mischen sich\u00a0Kr\u00e4uter- und Nektard\u00fcfte\u00a0ein. Mit dem ersten Schluck &hellip; <\/p>\n<p class=\"link-more\"><a href=\"https:\/\/tschoeams-biere.at\/?product=hopfenheiter-ipa\" class=\"more-link\"><span class=\"screen-reader-text\">\u201eHopfenheiter IPA\u201c<\/span> weiterlesen<\/a><\/p>\n","protected":false},"featured_media":1581,"comment_status":"open","ping_status":"closed","template":"","meta":[],"product_brand":[],"product_cat":[18],"product_tag":[],"class_list":{"0":"post-1731","1":"product","2":"type-product","3":"status-publish","4":"has-post-thumbnail","6":"product_cat-uncategorized","8":"first","9":"outofstock","10":"taxable","11":"shipping-taxable","12":"purchasable","13":"product-type-simple"},"yoast_head":"<!-- This site is optimized with the Yoast SEO plugin v26.8 - https:\/\/yoast.com\/product\/yoast-seo-wordpress\/ -->\n<title>Hopfenheiter IPA - TSCH\u00d6AMs BIERE<\/title>\n<meta name=\"robots\" content=\"index, follow, max-snippet:-1, max-image-preview:large, max-video-preview:-1\" \/>\n<link rel=\"canonical\" href=\"https:\/\/tschoeams-biere.at\/?product=hopfenheiter-ipa\" \/>\n<meta property=\"og:locale\" content=\"de_DE\" \/>\n<meta property=\"og:type\" content=\"article\" \/>\n<meta property=\"og:title\" content=\"Hopfenheiter IPA - TSCH\u00d6AMs BIERE\" \/>\n<meta property=\"og:description\" content=\"Mein Hopfenheiter IPA ist ein American (Westcoast) IPA und ich denke, dass das Bier die Kriterien dieses Bierstils gut repr\u00e4sentiert: deutliche Bittere, feine Gew\u00fcrznoten, die auch fruchtige Aromen einschlie\u00dfen, ausreichend Alkohol und sch\u00f6ner Malzk\u00f6rper, strahlende goldene Farbe, trockener Nachtrunk. Dieses Bier \u00fcberrascht mit feinem\u00a0Marzipan- und Honigduft, auch mischen sich\u00a0Kr\u00e4uter- und Nektard\u00fcfte\u00a0ein. Mit dem ersten Schluck &hellip; \u201eHopfenheiter IPA\u201c weiterlesen\" \/>\n<meta property=\"og:url\" content=\"https:\/\/tschoeams-biere.at\/?product=hopfenheiter-ipa\" \/>\n<meta property=\"og:site_name\" content=\"TSCH\u00d6AMs BIERE\" \/>\n<meta property=\"article:publisher\" content=\"https:\/\/www.facebook.com\/lovemybeers\/\" \/>\n<meta property=\"article:modified_time\" content=\"2025-09-03T08:39:58+00:00\" \/>\n<meta property=\"og:image\" content=\"https:\/\/tschoeams-biere.at\/wp-content\/uploads\/2021\/09\/cropped-Hopfenheiter-recht-klein.jpg\" \/>\n\t<meta property=\"og:image:width\" content=\"250\" \/>\n\t<meta property=\"og:image:height\" content=\"250\" \/>\n\t<meta property=\"og:image:type\" content=\"image\/jpeg\" \/>\n<meta name=\"twitter:card\" content=\"summary_large_image\" \/>\n<meta name=\"twitter:label1\" content=\"Gesch\u00e4tzte Lesezeit\" \/>\n\t<meta name=\"twitter:data1\" content=\"1\u00a0Minute\" \/>\n<script type=\"application\/ld+json\" class=\"yoast-schema-graph\">{\"@context\":\"https:\/\/schema.org\",\"@graph\":[{\"@type\":\"WebPage\",\"@id\":\"https:\/\/tschoeams-biere.at\/?product=hopfenheiter-ipa\",\"url\":\"https:\/\/tschoeams-biere.at\/?product=hopfenheiter-ipa\",\"name\":\"Hopfenheiter IPA - TSCH\u00d6AMs BIERE\",\"isPartOf\":{\"@id\":\"https:\/\/tschoeams-biere.at\/#website\"},\"primaryImageOfPage\":{\"@id\":\"https:\/\/tschoeams-biere.at\/?product=hopfenheiter-ipa#primaryimage\"},\"image\":{\"@id\":\"https:\/\/tschoeams-biere.at\/?product=hopfenheiter-ipa#primaryimage\"},\"thumbnailUrl\":\"https:\/\/tschoeams-biere.at\/wp-content\/uploads\/2021\/09\/cropped-Hopfenheiter-recht-klein.jpg\",\"datePublished\":\"2022-01-25T11:07:24+00:00\",\"dateModified\":\"2025-09-03T08:39:58+00:00\",\"breadcrumb\":{\"@id\":\"https:\/\/tschoeams-biere.at\/?product=hopfenheiter-ipa#breadcrumb\"},\"inLanguage\":\"de\",\"potentialAction\":[{\"@type\":\"ReadAction\",\"target\":[\"https:\/\/tschoeams-biere.at\/?product=hopfenheiter-ipa\"]}]},{\"@type\":\"ImageObject\",\"inLanguage\":\"de\",\"@id\":\"https:\/\/tschoeams-biere.at\/?product=hopfenheiter-ipa#primaryimage\",\"url\":\"https:\/\/tschoeams-biere.at\/wp-content\/uploads\/2021\/09\/cropped-Hopfenheiter-recht-klein.jpg\",\"contentUrl\":\"https:\/\/tschoeams-biere.at\/wp-content\/uploads\/2021\/09\/cropped-Hopfenheiter-recht-klein.jpg\",\"width\":250,\"height\":250},{\"@type\":\"BreadcrumbList\",\"@id\":\"https:\/\/tschoeams-biere.at\/?product=hopfenheiter-ipa#breadcrumb\",\"itemListElement\":[{\"@type\":\"ListItem\",\"position\":1,\"name\":\"Home\",\"item\":\"https:\/\/tschoeams-biere.at\/\"},{\"@type\":\"ListItem\",\"position\":2,\"name\":\"Shop\",\"item\":\"https:\/\/tschoeams-biere.at\/?page_id=123\"},{\"@type\":\"ListItem\",\"position\":3,\"name\":\"Hopfenheiter IPA\"}]},{\"@type\":\"WebSite\",\"@id\":\"https:\/\/tschoeams-biere.at\/#website\",\"url\":\"https:\/\/tschoeams-biere.at\/\",\"name\":\"TSCH\u00d6AMs BIERE\",\"description\":\"CRAFTBIER AUS M\u00d6DLING\",\"publisher\":{\"@id\":\"https:\/\/tschoeams-biere.at\/#organization\"},\"potentialAction\":[{\"@type\":\"SearchAction\",\"target\":{\"@type\":\"EntryPoint\",\"urlTemplate\":\"https:\/\/tschoeams-biere.at\/?s={search_term_string}\"},\"query-input\":{\"@type\":\"PropertyValueSpecification\",\"valueRequired\":true,\"valueName\":\"search_term_string\"}}],\"inLanguage\":\"de\"},{\"@type\":\"Organization\",\"@id\":\"https:\/\/tschoeams-biere.at\/#organization\",\"name\":\"TSCH\u00d6AMs BIERE\",\"url\":\"https:\/\/tschoeams-biere.at\/\",\"logo\":{\"@type\":\"ImageObject\",\"inLanguage\":\"de\",\"@id\":\"https:\/\/tschoeams-biere.at\/#\/schema\/logo\/image\/\",\"url\":\"https:\/\/tschoeams-biere.at\/wp-content\/uploads\/2020\/10\/tschoeams-biere_logo.jpg\",\"contentUrl\":\"https:\/\/tschoeams-biere.at\/wp-content\/uploads\/2020\/10\/tschoeams-biere_logo.jpg\",\"width\":560,\"height\":115,\"caption\":\"TSCH\u00d6AMs BIERE\"},\"image\":{\"@id\":\"https:\/\/tschoeams-biere.at\/#\/schema\/logo\/image\/\"},\"sameAs\":[\"https:\/\/www.facebook.com\/lovemybeers\/\",\"https:\/\/www.instagram.com\/tschoeams\/?hl=de\"]}]}<\/script>\n<!-- \/ Yoast SEO plugin. -->","yoast_head_json":{"title":"Hopfenheiter IPA - TSCH\u00d6AMs BIERE","robots":{"index":"index","follow":"follow","max-snippet":"max-snippet:-1","max-image-preview":"max-image-preview:large","max-video-preview":"max-video-preview:-1"},"canonical":"https:\/\/tschoeams-biere.at\/?product=hopfenheiter-ipa","og_locale":"de_DE","og_type":"article","og_title":"Hopfenheiter IPA - TSCH\u00d6AMs BIERE","og_description":"Mein Hopfenheiter IPA ist ein American (Westcoast) IPA und ich denke, dass das Bier die Kriterien dieses Bierstils gut repr\u00e4sentiert: deutliche Bittere, feine Gew\u00fcrznoten, die auch fruchtige Aromen einschlie\u00dfen, ausreichend Alkohol und sch\u00f6ner Malzk\u00f6rper, strahlende goldene Farbe, trockener Nachtrunk. Dieses Bier \u00fcberrascht mit feinem\u00a0Marzipan- und Honigduft, auch mischen sich\u00a0Kr\u00e4uter- und Nektard\u00fcfte\u00a0ein. Mit dem ersten Schluck &hellip; \u201eHopfenheiter IPA\u201c weiterlesen","og_url":"https:\/\/tschoeams-biere.at\/?product=hopfenheiter-ipa","og_site_name":"TSCH\u00d6AMs BIERE","article_publisher":"https:\/\/www.facebook.com\/lovemybeers\/","article_modified_time":"2025-09-03T08:39:58+00:00","og_image":[{"width":250,"height":250,"url":"https:\/\/tschoeams-biere.at\/wp-content\/uploads\/2021\/09\/cropped-Hopfenheiter-recht-klein.jpg","type":"image\/jpeg"}],"twitter_card":"summary_large_image","twitter_misc":{"Gesch\u00e4tzte Lesezeit":"1\u00a0Minute"},"schema":{"@context":"https:\/\/schema.org","@graph":[{"@type":"WebPage","@id":"https:\/\/tschoeams-biere.at\/?product=hopfenheiter-ipa","url":"https:\/\/tschoeams-biere.at\/?product=hopfenheiter-ipa","name":"Hopfenheiter IPA - TSCH\u00d6AMs BIERE","isPartOf":{"@id":"https:\/\/tschoeams-biere.at\/#website"},"primaryImageOfPage":{"@id":"https:\/\/tschoeams-biere.at\/?product=hopfenheiter-ipa#primaryimage"},"image":{"@id":"https:\/\/tschoeams-biere.at\/?product=hopfenheiter-ipa#primaryimage"},"thumbnailUrl":"https:\/\/tschoeams-biere.at\/wp-content\/uploads\/2021\/09\/cropped-Hopfenheiter-recht-klein.jpg","datePublished":"2022-01-25T11:07:24+00:00","dateModified":"2025-09-03T08:39:58+00:00","breadcrumb":{"@id":"https:\/\/tschoeams-biere.at\/?product=hopfenheiter-ipa#breadcrumb"},"inLanguage":"de","potentialAction":[{"@type":"ReadAction","target":["https:\/\/tschoeams-biere.at\/?product=hopfenheiter-ipa"]}]},{"@type":"ImageObject","inLanguage":"de","@id":"https:\/\/tschoeams-biere.at\/?product=hopfenheiter-ipa#primaryimage","url":"https:\/\/tschoeams-biere.at\/wp-content\/uploads\/2021\/09\/cropped-Hopfenheiter-recht-klein.jpg","contentUrl":"https:\/\/tschoeams-biere.at\/wp-content\/uploads\/2021\/09\/cropped-Hopfenheiter-recht-klein.jpg","width":250,"height":250},{"@type":"BreadcrumbList","@id":"https:\/\/tschoeams-biere.at\/?product=hopfenheiter-ipa#breadcrumb","itemListElement":[{"@type":"ListItem","position":1,"name":"Home","item":"https:\/\/tschoeams-biere.at\/"},{"@type":"ListItem","position":2,"name":"Shop","item":"https:\/\/tschoeams-biere.at\/?page_id=123"},{"@type":"ListItem","position":3,"name":"Hopfenheiter IPA"}]},{"@type":"WebSite","@id":"https:\/\/tschoeams-biere.at\/#website","url":"https:\/\/tschoeams-biere.at\/","name":"TSCH\u00d6AMs BIERE","description":"CRAFTBIER AUS M\u00d6DLING","publisher":{"@id":"https:\/\/tschoeams-biere.at\/#organization"},"potentialAction":[{"@type":"SearchAction","target":{"@type":"EntryPoint","urlTemplate":"https:\/\/tschoeams-biere.at\/?s={search_term_string}"},"query-input":{"@type":"PropertyValueSpecification","valueRequired":true,"valueName":"search_term_string"}}],"inLanguage":"de"},{"@type":"Organization","@id":"https:\/\/tschoeams-biere.at\/#organization","name":"TSCH\u00d6AMs BIERE","url":"https:\/\/tschoeams-biere.at\/","logo":{"@type":"ImageObject","inLanguage":"de","@id":"https:\/\/tschoeams-biere.at\/#\/schema\/logo\/image\/","url":"https:\/\/tschoeams-biere.at\/wp-content\/uploads\/2020\/10\/tschoeams-biere_logo.jpg","contentUrl":"https:\/\/tschoeams-biere.at\/wp-content\/uploads\/2020\/10\/tschoeams-biere_logo.jpg","width":560,"height":115,"caption":"TSCH\u00d6AMs BIERE"},"image":{"@id":"https:\/\/tschoeams-biere.at\/#\/schema\/logo\/image\/"},"sameAs":["https:\/\/www.facebook.com\/lovemybeers\/","https:\/\/www.instagram.com\/tschoeams\/?hl=de"]}]}},"jetpack_sharing_enabled":true,"_links":{"self":[{"href":"https:\/\/tschoeams-biere.at\/index.php?rest_route=\/wp\/v2\/product\/1731","targetHints":{"allow":["GET"]}}],"collection":[{"href":"https:\/\/tschoeams-biere.at\/index.php?rest_route=\/wp\/v2\/product"}],"about":[{"href":"https:\/\/tschoeams-biere.at\/index.php?rest_route=\/wp\/v2\/types\/product"}],"replies":[{"embeddable":true,"href":"https:\/\/tschoeams-biere.at\/index.php?rest_route=%2Fwp%2Fv2%2Fcomments&post=1731"}],"wp:featuredmedia":[{"embeddable":true,"href":"https:\/\/tschoeams-biere.at\/index.php?rest_route=\/wp\/v2\/media\/1581"}],"wp:attachment":[{"href":"https:\/\/tschoeams-biere.at\/index.php?rest_route=%2Fwp%2Fv2%2Fmedia&parent=1731"}],"wp:term":[{"taxonomy":"product_brand","embeddable":true,"href":"https:\/\/tschoeams-biere.at\/index.php?rest_route=%2Fwp%2Fv2%2Fproduct_brand&post=1731"},{"taxonomy":"product_cat","embeddable":true,"href":"https:\/\/tschoeams-biere.at\/index.php?rest_route=%2Fwp%2Fv2%2Fproduct_cat&post=1731"},{"taxonomy":"product_tag","embeddable":true,"href":"https:\/\/tschoeams-biere.at\/index.php?rest_route=%2Fwp%2Fv2%2Fproduct_tag&post=1731"}],"curies":[{"name":"wp","href":"https:\/\/api.w.org\/{rel}","templated":true}]}}