{"id":515,"date":"2020-11-06T19:20:07","date_gmt":"2020-11-06T19:20:07","guid":{"rendered":"https:\/\/test.tschoeams.webhikers.dev\/?post_type=product&#038;p=515"},"modified":"2023-11-26T18:06:47","modified_gmt":"2023-11-26T18:06:47","slug":"taliman-sluga-das-osterreichische-bierkochbuch-verlag-anton-pustet","status":"publish","type":"product","link":"https:\/\/tschoeams-biere.at\/?product=taliman-sluga-das-osterreichische-bierkochbuch-verlag-anton-pustet","title":{"rendered":"Taliman Sluga, Das \u00f6sterreichische Bierkochbuch, Verlag Anton Pustet"},"content":{"rendered":"<p><strong>Hopfen und Malz verloren? Ganz im Gegenteil!<\/strong><\/p>\n<p>Taliman Sluga hat der Biervielfalt in \u00d6sterreich abseits der Massenproduktion nachgesp\u00fcrt und bringt uns in einem umfassenden \u00dcberblick \u00d6sterreichs Craft-Beer-Welt n\u00e4her. Die Reise beginnt mit einer kurzen Kulturgeschichte des Bierbrauens und f\u00fchrt \u00fcber allerlei Wissenswertes zum Thema \u2013 unter anderem \u00fcber Bierstile, Bierkultur und Biersprache \u2013 bis hin zur interessanten Frage, wie sehr das Getr\u00e4nk der Gesundheit zutr\u00e4glich ist. Au\u00dferdem werden rund 25 innovative \u00f6sterreichische Klein-, Gasthaus- und Privatbrauereien mit ihren vorz\u00fcglichen handwerklich produzierten Bieren portr\u00e4tiert.<\/p>\n<p>Abgerundet wird der Band mit einem Rezeptteil, in dem 60 Mal mit und zu Bier gekocht wird: zum Beispiel resche Bierweckerl, ein gesunder Hopfensprossensalat mit Honig-Bierdressing, ein schmackhaftes Schweinsfilet in dunkler Biersauce und zum Dessert eine geeiste Biercreme \u2026 Prost, Mahlzeit!<\/p>\n<ul>\n<li>60 Rezepte<\/li>\n<li>Rund 25 Brauerei-Portr\u00e4ts<\/li>\n<li>Bereits erschienen:\u00a0<a class=\"cp-link\" href=\"https:\/\/pustet.at\/de\/buecher.cp\/das-oesterreichische-fisch-kochbuch\/891\">Das \u00f6sterreichische Fisch-Kochbuch<\/a><\/li>\n<li>Es folgen weitere B\u00e4nde zu den Themen K\u00e4ferbohnen und Lamm<\/li>\n<li><\/li>\n<li><\/li>\n<li><img loading=\"lazy\" decoding=\"async\" class=\"alignnone size-medium wp-image-516\" src=\"https:\/\/tschoeams-biere.at\/wp-content\/uploads\/2020\/11\/20201106_152314-scaled-e1604690332307-300x169.jpg\" alt=\"\" width=\"300\" height=\"169\" srcset=\"https:\/\/tschoeams-biere.at\/wp-content\/uploads\/2020\/11\/20201106_152314-scaled-e1604690332307-300x169.jpg 300w, https:\/\/tschoeams-biere.at\/wp-content\/uploads\/2020\/11\/20201106_152314-scaled-e1604690332307-350x197.jpg 350w, https:\/\/tschoeams-biere.at\/wp-content\/uploads\/2020\/11\/20201106_152314-scaled-e1604690332307-1024x576.jpg 1024w, https:\/\/tschoeams-biere.at\/wp-content\/uploads\/2020\/11\/20201106_152314-scaled-e1604690332307-768x432.jpg 768w, https:\/\/tschoeams-biere.at\/wp-content\/uploads\/2020\/11\/20201106_152314-scaled-e1604690332307-1536x864.jpg 1536w, https:\/\/tschoeams-biere.at\/wp-content\/uploads\/2020\/11\/20201106_152314-scaled-e1604690332307-2048x1152.jpg 2048w\" sizes=\"auto, (max-width: 300px) 100vw, 300px\" \/><\/li>\n<\/ul>\n","protected":false},"excerpt":{"rendered":"<p>Hopfen und Malz verloren? Ganz im Gegenteil! Taliman Sluga hat der Biervielfalt in \u00d6sterreich abseits der Massenproduktion nachgesp\u00fcrt und bringt uns in einem umfassenden \u00dcberblick \u00d6sterreichs Craft-Beer-Welt n\u00e4her. Die Reise beginnt mit einer kurzen Kulturgeschichte des Bierbrauens und f\u00fchrt \u00fcber allerlei Wissenswertes zum Thema \u2013 unter anderem \u00fcber Bierstile, Bierkultur und Biersprache \u2013 bis hin &hellip; <\/p>\n<p class=\"link-more\"><a href=\"https:\/\/tschoeams-biere.at\/?product=taliman-sluga-das-osterreichische-bierkochbuch-verlag-anton-pustet\" class=\"more-link\"><span class=\"screen-reader-text\">\u201eTaliman Sluga, Das \u00f6sterreichische Bierkochbuch, Verlag Anton Pustet\u201c<\/span> weiterlesen<\/a><\/p>\n","protected":false},"featured_media":516,"comment_status":"open","ping_status":"closed","template":"","meta":[],"product_brand":[],"product_cat":[18],"product_tag":[],"class_list":{"0":"post-515","1":"product","2":"type-product","3":"status-publish","4":"has-post-thumbnail","6":"product_cat-uncategorized","8":"first","9":"instock","10":"taxable","11":"shipping-taxable","12":"purchasable","13":"product-type-simple"},"yoast_head":"<!-- This site is optimized with the Yoast SEO plugin v26.8 - https:\/\/yoast.com\/product\/yoast-seo-wordpress\/ -->\n<title>Taliman Sluga, Das \u00f6sterreichische Bierkochbuch, Verlag Anton Pustet - TSCH\u00d6AMs BIERE<\/title>\n<meta name=\"robots\" content=\"index, follow, max-snippet:-1, max-image-preview:large, max-video-preview:-1\" \/>\n<link rel=\"canonical\" href=\"https:\/\/tschoeams-biere.at\/?product=taliman-sluga-das-osterreichische-bierkochbuch-verlag-anton-pustet\" \/>\n<meta property=\"og:locale\" content=\"de_DE\" \/>\n<meta property=\"og:type\" content=\"article\" \/>\n<meta property=\"og:title\" content=\"Taliman Sluga, Das \u00f6sterreichische Bierkochbuch, Verlag Anton Pustet - TSCH\u00d6AMs BIERE\" \/>\n<meta property=\"og:description\" content=\"Hopfen und Malz verloren? Ganz im Gegenteil! Taliman Sluga hat der Biervielfalt in \u00d6sterreich abseits der Massenproduktion nachgesp\u00fcrt und bringt uns in einem umfassenden \u00dcberblick \u00d6sterreichs Craft-Beer-Welt n\u00e4her. Die Reise beginnt mit einer kurzen Kulturgeschichte des Bierbrauens und f\u00fchrt \u00fcber allerlei Wissenswertes zum Thema \u2013 unter anderem \u00fcber Bierstile, Bierkultur und Biersprache \u2013 bis hin &hellip; \u201eTaliman Sluga, Das \u00f6sterreichische Bierkochbuch, Verlag Anton Pustet\u201c weiterlesen\" \/>\n<meta property=\"og:url\" content=\"https:\/\/tschoeams-biere.at\/?product=taliman-sluga-das-osterreichische-bierkochbuch-verlag-anton-pustet\" \/>\n<meta property=\"og:site_name\" content=\"TSCH\u00d6AMs BIERE\" \/>\n<meta property=\"article:publisher\" content=\"https:\/\/www.facebook.com\/lovemybeers\/\" \/>\n<meta property=\"article:modified_time\" content=\"2023-11-26T18:06:47+00:00\" \/>\n<meta property=\"og:image\" content=\"https:\/\/tschoeams-biere.at\/wp-content\/uploads\/2020\/11\/20201106_152314-scaled-e1604690332307.jpg\" \/>\n\t<meta property=\"og:image:width\" content=\"2560\" \/>\n\t<meta property=\"og:image:height\" content=\"1440\" \/>\n\t<meta property=\"og:image:type\" content=\"image\/jpeg\" \/>\n<meta name=\"twitter:card\" content=\"summary_large_image\" \/>\n<meta name=\"twitter:label1\" content=\"Gesch\u00e4tzte Lesezeit\" \/>\n\t<meta name=\"twitter:data1\" content=\"1\u00a0Minute\" \/>\n<script type=\"application\/ld+json\" class=\"yoast-schema-graph\">{\"@context\":\"https:\/\/schema.org\",\"@graph\":[{\"@type\":\"WebPage\",\"@id\":\"https:\/\/tschoeams-biere.at\/?product=taliman-sluga-das-osterreichische-bierkochbuch-verlag-anton-pustet\",\"url\":\"https:\/\/tschoeams-biere.at\/?product=taliman-sluga-das-osterreichische-bierkochbuch-verlag-anton-pustet\",\"name\":\"Taliman Sluga, Das \u00f6sterreichische Bierkochbuch, Verlag Anton Pustet - TSCH\u00d6AMs BIERE\",\"isPartOf\":{\"@id\":\"https:\/\/tschoeams-biere.at\/#website\"},\"primaryImageOfPage\":{\"@id\":\"https:\/\/tschoeams-biere.at\/?product=taliman-sluga-das-osterreichische-bierkochbuch-verlag-anton-pustet#primaryimage\"},\"image\":{\"@id\":\"https:\/\/tschoeams-biere.at\/?product=taliman-sluga-das-osterreichische-bierkochbuch-verlag-anton-pustet#primaryimage\"},\"thumbnailUrl\":\"https:\/\/tschoeams-biere.at\/wp-content\/uploads\/2020\/11\/20201106_152314-scaled-e1604690332307.jpg\",\"datePublished\":\"2020-11-06T19:20:07+00:00\",\"dateModified\":\"2023-11-26T18:06:47+00:00\",\"breadcrumb\":{\"@id\":\"https:\/\/tschoeams-biere.at\/?product=taliman-sluga-das-osterreichische-bierkochbuch-verlag-anton-pustet#breadcrumb\"},\"inLanguage\":\"de\",\"potentialAction\":[{\"@type\":\"ReadAction\",\"target\":[\"https:\/\/tschoeams-biere.at\/?product=taliman-sluga-das-osterreichische-bierkochbuch-verlag-anton-pustet\"]}]},{\"@type\":\"ImageObject\",\"inLanguage\":\"de\",\"@id\":\"https:\/\/tschoeams-biere.at\/?product=taliman-sluga-das-osterreichische-bierkochbuch-verlag-anton-pustet#primaryimage\",\"url\":\"https:\/\/tschoeams-biere.at\/wp-content\/uploads\/2020\/11\/20201106_152314-scaled-e1604690332307.jpg\",\"contentUrl\":\"https:\/\/tschoeams-biere.at\/wp-content\/uploads\/2020\/11\/20201106_152314-scaled-e1604690332307.jpg\",\"width\":2560,\"height\":1440},{\"@type\":\"BreadcrumbList\",\"@id\":\"https:\/\/tschoeams-biere.at\/?product=taliman-sluga-das-osterreichische-bierkochbuch-verlag-anton-pustet#breadcrumb\",\"itemListElement\":[{\"@type\":\"ListItem\",\"position\":1,\"name\":\"Home\",\"item\":\"https:\/\/tschoeams-biere.at\/\"},{\"@type\":\"ListItem\",\"position\":2,\"name\":\"Shop\",\"item\":\"https:\/\/tschoeams-biere.at\/?page_id=123\"},{\"@type\":\"ListItem\",\"position\":3,\"name\":\"Taliman Sluga, Das \u00f6sterreichische Bierkochbuch, Verlag Anton Pustet\"}]},{\"@type\":\"WebSite\",\"@id\":\"https:\/\/tschoeams-biere.at\/#website\",\"url\":\"https:\/\/tschoeams-biere.at\/\",\"name\":\"TSCH\u00d6AMs BIERE\",\"description\":\"CRAFTBIER AUS M\u00d6DLING\",\"publisher\":{\"@id\":\"https:\/\/tschoeams-biere.at\/#organization\"},\"potentialAction\":[{\"@type\":\"SearchAction\",\"target\":{\"@type\":\"EntryPoint\",\"urlTemplate\":\"https:\/\/tschoeams-biere.at\/?s={search_term_string}\"},\"query-input\":{\"@type\":\"PropertyValueSpecification\",\"valueRequired\":true,\"valueName\":\"search_term_string\"}}],\"inLanguage\":\"de\"},{\"@type\":\"Organization\",\"@id\":\"https:\/\/tschoeams-biere.at\/#organization\",\"name\":\"TSCH\u00d6AMs BIERE\",\"url\":\"https:\/\/tschoeams-biere.at\/\",\"logo\":{\"@type\":\"ImageObject\",\"inLanguage\":\"de\",\"@id\":\"https:\/\/tschoeams-biere.at\/#\/schema\/logo\/image\/\",\"url\":\"https:\/\/tschoeams-biere.at\/wp-content\/uploads\/2020\/10\/tschoeams-biere_logo.jpg\",\"contentUrl\":\"https:\/\/tschoeams-biere.at\/wp-content\/uploads\/2020\/10\/tschoeams-biere_logo.jpg\",\"width\":560,\"height\":115,\"caption\":\"TSCH\u00d6AMs BIERE\"},\"image\":{\"@id\":\"https:\/\/tschoeams-biere.at\/#\/schema\/logo\/image\/\"},\"sameAs\":[\"https:\/\/www.facebook.com\/lovemybeers\/\",\"https:\/\/www.instagram.com\/tschoeams\/?hl=de\"]}]}<\/script>\n<!-- \/ Yoast SEO plugin. -->","yoast_head_json":{"title":"Taliman Sluga, Das \u00f6sterreichische Bierkochbuch, Verlag Anton Pustet - TSCH\u00d6AMs BIERE","robots":{"index":"index","follow":"follow","max-snippet":"max-snippet:-1","max-image-preview":"max-image-preview:large","max-video-preview":"max-video-preview:-1"},"canonical":"https:\/\/tschoeams-biere.at\/?product=taliman-sluga-das-osterreichische-bierkochbuch-verlag-anton-pustet","og_locale":"de_DE","og_type":"article","og_title":"Taliman Sluga, Das \u00f6sterreichische Bierkochbuch, Verlag Anton Pustet - TSCH\u00d6AMs BIERE","og_description":"Hopfen und Malz verloren? Ganz im Gegenteil! Taliman Sluga hat der Biervielfalt in \u00d6sterreich abseits der Massenproduktion nachgesp\u00fcrt und bringt uns in einem umfassenden \u00dcberblick \u00d6sterreichs Craft-Beer-Welt n\u00e4her. Die Reise beginnt mit einer kurzen Kulturgeschichte des Bierbrauens und f\u00fchrt \u00fcber allerlei Wissenswertes zum Thema \u2013 unter anderem \u00fcber Bierstile, Bierkultur und Biersprache \u2013 bis hin &hellip; \u201eTaliman Sluga, Das \u00f6sterreichische Bierkochbuch, Verlag Anton Pustet\u201c weiterlesen","og_url":"https:\/\/tschoeams-biere.at\/?product=taliman-sluga-das-osterreichische-bierkochbuch-verlag-anton-pustet","og_site_name":"TSCH\u00d6AMs BIERE","article_publisher":"https:\/\/www.facebook.com\/lovemybeers\/","article_modified_time":"2023-11-26T18:06:47+00:00","og_image":[{"width":2560,"height":1440,"url":"https:\/\/tschoeams-biere.at\/wp-content\/uploads\/2020\/11\/20201106_152314-scaled-e1604690332307.jpg","type":"image\/jpeg"}],"twitter_card":"summary_large_image","twitter_misc":{"Gesch\u00e4tzte Lesezeit":"1\u00a0Minute"},"schema":{"@context":"https:\/\/schema.org","@graph":[{"@type":"WebPage","@id":"https:\/\/tschoeams-biere.at\/?product=taliman-sluga-das-osterreichische-bierkochbuch-verlag-anton-pustet","url":"https:\/\/tschoeams-biere.at\/?product=taliman-sluga-das-osterreichische-bierkochbuch-verlag-anton-pustet","name":"Taliman Sluga, Das \u00f6sterreichische Bierkochbuch, Verlag Anton Pustet - TSCH\u00d6AMs BIERE","isPartOf":{"@id":"https:\/\/tschoeams-biere.at\/#website"},"primaryImageOfPage":{"@id":"https:\/\/tschoeams-biere.at\/?product=taliman-sluga-das-osterreichische-bierkochbuch-verlag-anton-pustet#primaryimage"},"image":{"@id":"https:\/\/tschoeams-biere.at\/?product=taliman-sluga-das-osterreichische-bierkochbuch-verlag-anton-pustet#primaryimage"},"thumbnailUrl":"https:\/\/tschoeams-biere.at\/wp-content\/uploads\/2020\/11\/20201106_152314-scaled-e1604690332307.jpg","datePublished":"2020-11-06T19:20:07+00:00","dateModified":"2023-11-26T18:06:47+00:00","breadcrumb":{"@id":"https:\/\/tschoeams-biere.at\/?product=taliman-sluga-das-osterreichische-bierkochbuch-verlag-anton-pustet#breadcrumb"},"inLanguage":"de","potentialAction":[{"@type":"ReadAction","target":["https:\/\/tschoeams-biere.at\/?product=taliman-sluga-das-osterreichische-bierkochbuch-verlag-anton-pustet"]}]},{"@type":"ImageObject","inLanguage":"de","@id":"https:\/\/tschoeams-biere.at\/?product=taliman-sluga-das-osterreichische-bierkochbuch-verlag-anton-pustet#primaryimage","url":"https:\/\/tschoeams-biere.at\/wp-content\/uploads\/2020\/11\/20201106_152314-scaled-e1604690332307.jpg","contentUrl":"https:\/\/tschoeams-biere.at\/wp-content\/uploads\/2020\/11\/20201106_152314-scaled-e1604690332307.jpg","width":2560,"height":1440},{"@type":"BreadcrumbList","@id":"https:\/\/tschoeams-biere.at\/?product=taliman-sluga-das-osterreichische-bierkochbuch-verlag-anton-pustet#breadcrumb","itemListElement":[{"@type":"ListItem","position":1,"name":"Home","item":"https:\/\/tschoeams-biere.at\/"},{"@type":"ListItem","position":2,"name":"Shop","item":"https:\/\/tschoeams-biere.at\/?page_id=123"},{"@type":"ListItem","position":3,"name":"Taliman Sluga, Das \u00f6sterreichische Bierkochbuch, Verlag Anton Pustet"}]},{"@type":"WebSite","@id":"https:\/\/tschoeams-biere.at\/#website","url":"https:\/\/tschoeams-biere.at\/","name":"TSCH\u00d6AMs BIERE","description":"CRAFTBIER AUS M\u00d6DLING","publisher":{"@id":"https:\/\/tschoeams-biere.at\/#organization"},"potentialAction":[{"@type":"SearchAction","target":{"@type":"EntryPoint","urlTemplate":"https:\/\/tschoeams-biere.at\/?s={search_term_string}"},"query-input":{"@type":"PropertyValueSpecification","valueRequired":true,"valueName":"search_term_string"}}],"inLanguage":"de"},{"@type":"Organization","@id":"https:\/\/tschoeams-biere.at\/#organization","name":"TSCH\u00d6AMs BIERE","url":"https:\/\/tschoeams-biere.at\/","logo":{"@type":"ImageObject","inLanguage":"de","@id":"https:\/\/tschoeams-biere.at\/#\/schema\/logo\/image\/","url":"https:\/\/tschoeams-biere.at\/wp-content\/uploads\/2020\/10\/tschoeams-biere_logo.jpg","contentUrl":"https:\/\/tschoeams-biere.at\/wp-content\/uploads\/2020\/10\/tschoeams-biere_logo.jpg","width":560,"height":115,"caption":"TSCH\u00d6AMs BIERE"},"image":{"@id":"https:\/\/tschoeams-biere.at\/#\/schema\/logo\/image\/"},"sameAs":["https:\/\/www.facebook.com\/lovemybeers\/","https:\/\/www.instagram.com\/tschoeams\/?hl=de"]}]}},"jetpack_sharing_enabled":true,"_links":{"self":[{"href":"https:\/\/tschoeams-biere.at\/index.php?rest_route=\/wp\/v2\/product\/515","targetHints":{"allow":["GET"]}}],"collection":[{"href":"https:\/\/tschoeams-biere.at\/index.php?rest_route=\/wp\/v2\/product"}],"about":[{"href":"https:\/\/tschoeams-biere.at\/index.php?rest_route=\/wp\/v2\/types\/product"}],"replies":[{"embeddable":true,"href":"https:\/\/tschoeams-biere.at\/index.php?rest_route=%2Fwp%2Fv2%2Fcomments&post=515"}],"wp:featuredmedia":[{"embeddable":true,"href":"https:\/\/tschoeams-biere.at\/index.php?rest_route=\/wp\/v2\/media\/516"}],"wp:attachment":[{"href":"https:\/\/tschoeams-biere.at\/index.php?rest_route=%2Fwp%2Fv2%2Fmedia&parent=515"}],"wp:term":[{"taxonomy":"product_brand","embeddable":true,"href":"https:\/\/tschoeams-biere.at\/index.php?rest_route=%2Fwp%2Fv2%2Fproduct_brand&post=515"},{"taxonomy":"product_cat","embeddable":true,"href":"https:\/\/tschoeams-biere.at\/index.php?rest_route=%2Fwp%2Fv2%2Fproduct_cat&post=515"},{"taxonomy":"product_tag","embeddable":true,"href":"https:\/\/tschoeams-biere.at\/index.php?rest_route=%2Fwp%2Fv2%2Fproduct_tag&post=515"}],"curies":[{"name":"wp","href":"https:\/\/api.w.org\/{rel}","templated":true}]}}