{"id":625,"date":"2021-01-03T22:31:22","date_gmt":"2021-01-03T22:31:22","guid":{"rendered":"https:\/\/tschoeams-biere.at\/?post_type=product&#038;p=625"},"modified":"2021-03-22T10:55:22","modified_gmt":"2021-03-22T10:55:22","slug":"bier","status":"publish","type":"product","link":"https:\/\/tschoeams-biere.at\/?product=bier","title":{"rendered":"Gutschein \u20ac 10,-"},"content":{"rendered":"<p>Ab sofort gibt es einen Gutschein um \u20ac 10,- (inkl. MWSt), der jederzeit bei mir (nicht bei meinen Partnerbetrieben) eingel\u00f6st werden kann, vorausgesetzt, das gew\u00fcnschte Bier ist lieferbar. Der Gutschein wird nummeriert und als pdf pers\u00f6nlich, via Mail oder via Post \u00fcbermittelt.<\/p>\n<p>Das abgebildete Beispiel ist ein Muster.<\/p>\n","protected":false},"excerpt":{"rendered":"<p>Ab sofort gibt es einen Gutschein um \u20ac 10,- (inkl. MWSt), der jederzeit bei mir (nicht bei meinen Partnerbetrieben) eingel\u00f6st werden kann, vorausgesetzt, das gew\u00fcnschte Bier ist lieferbar. Der Gutschein wird nummeriert und als pdf pers\u00f6nlich, via Mail oder via Post \u00fcbermittelt. Das abgebildete Beispiel ist ein Muster.<\/p>\n","protected":false},"featured_media":628,"comment_status":"open","ping_status":"closed","template":"","meta":[],"product_brand":[],"product_cat":[18],"product_tag":[],"class_list":{"0":"post-625","1":"product","2":"type-product","3":"status-publish","4":"has-post-thumbnail","6":"product_cat-uncategorized","8":"first","9":"instock","10":"taxable","11":"shipping-taxable","12":"purchasable","13":"product-type-simple"},"yoast_head":"<!-- This site is optimized with the Yoast SEO plugin v26.8 - https:\/\/yoast.com\/product\/yoast-seo-wordpress\/ -->\n<title>Gutschein \u20ac 10,- TSCH\u00d6AMs BIERE<\/title>\n<meta name=\"description\" content=\"Bier, Craftbier, Gutschein, Tsch\u00f6ams Biere, Genuss, M\u00f6dling, Maria Enzersdorf\" \/>\n<meta name=\"robots\" content=\"index, follow, max-snippet:-1, max-image-preview:large, max-video-preview:-1\" \/>\n<link rel=\"canonical\" href=\"https:\/\/tschoeams-biere.at\/?product=bier\" \/>\n<meta property=\"og:locale\" content=\"de_DE\" \/>\n<meta property=\"og:type\" content=\"article\" \/>\n<meta property=\"og:title\" content=\"Gutschein \u20ac 10,- TSCH\u00d6AMs BIERE\" \/>\n<meta property=\"og:description\" content=\"Bier, Craftbier, Gutschein, Tsch\u00f6ams Biere, Genuss, M\u00f6dling, Maria Enzersdorf\" \/>\n<meta property=\"og:url\" content=\"https:\/\/tschoeams-biere.at\/?product=bier\" \/>\n<meta property=\"og:site_name\" content=\"TSCH\u00d6AMs BIERE\" \/>\n<meta property=\"article:publisher\" content=\"https:\/\/www.facebook.com\/lovemybeers\/\" \/>\n<meta property=\"article:modified_time\" content=\"2021-03-22T10:55:22+00:00\" \/>\n<meta property=\"og:image\" content=\"https:\/\/tschoeams-biere.at\/wp-content\/uploads\/2021\/01\/Gutschein-E-10-scaled-e1609713455115.jpg\" \/>\n\t<meta property=\"og:image:width\" content=\"800\" \/>\n\t<meta property=\"og:image:height\" content=\"1024\" \/>\n\t<meta property=\"og:image:type\" content=\"image\/jpeg\" \/>\n<meta name=\"twitter:card\" content=\"summary_large_image\" \/>\n<script type=\"application\/ld+json\" class=\"yoast-schema-graph\">{\"@context\":\"https:\/\/schema.org\",\"@graph\":[{\"@type\":\"WebPage\",\"@id\":\"https:\/\/tschoeams-biere.at\/?product=bier\",\"url\":\"https:\/\/tschoeams-biere.at\/?product=bier\",\"name\":\"Gutschein \u20ac 10,- TSCH\u00d6AMs BIERE\",\"isPartOf\":{\"@id\":\"https:\/\/tschoeams-biere.at\/#website\"},\"primaryImageOfPage\":{\"@id\":\"https:\/\/tschoeams-biere.at\/?product=bier#primaryimage\"},\"image\":{\"@id\":\"https:\/\/tschoeams-biere.at\/?product=bier#primaryimage\"},\"thumbnailUrl\":\"https:\/\/tschoeams-biere.at\/wp-content\/uploads\/2021\/01\/Gutschein-E-10-scaled-e1609713455115.jpg\",\"datePublished\":\"2021-01-03T22:31:22+00:00\",\"dateModified\":\"2021-03-22T10:55:22+00:00\",\"description\":\"Bier, Craftbier, Gutschein, Tsch\u00f6ams Biere, Genuss, M\u00f6dling, Maria Enzersdorf\",\"breadcrumb\":{\"@id\":\"https:\/\/tschoeams-biere.at\/?product=bier#breadcrumb\"},\"inLanguage\":\"de\",\"potentialAction\":[{\"@type\":\"ReadAction\",\"target\":[\"https:\/\/tschoeams-biere.at\/?product=bier\"]}]},{\"@type\":\"ImageObject\",\"inLanguage\":\"de\",\"@id\":\"https:\/\/tschoeams-biere.at\/?product=bier#primaryimage\",\"url\":\"https:\/\/tschoeams-biere.at\/wp-content\/uploads\/2021\/01\/Gutschein-E-10-scaled-e1609713455115.jpg\",\"contentUrl\":\"https:\/\/tschoeams-biere.at\/wp-content\/uploads\/2021\/01\/Gutschein-E-10-scaled-e1609713455115.jpg\",\"width\":800,\"height\":1024},{\"@type\":\"BreadcrumbList\",\"@id\":\"https:\/\/tschoeams-biere.at\/?product=bier#breadcrumb\",\"itemListElement\":[{\"@type\":\"ListItem\",\"position\":1,\"name\":\"Home\",\"item\":\"https:\/\/tschoeams-biere.at\/\"},{\"@type\":\"ListItem\",\"position\":2,\"name\":\"Shop\",\"item\":\"https:\/\/tschoeams-biere.at\/?page_id=123\"},{\"@type\":\"ListItem\",\"position\":3,\"name\":\"Gutschein \u20ac 10,-\"}]},{\"@type\":\"WebSite\",\"@id\":\"https:\/\/tschoeams-biere.at\/#website\",\"url\":\"https:\/\/tschoeams-biere.at\/\",\"name\":\"TSCH\u00d6AMs BIERE\",\"description\":\"CRAFTBIER AUS M\u00d6DLING\",\"publisher\":{\"@id\":\"https:\/\/tschoeams-biere.at\/#organization\"},\"potentialAction\":[{\"@type\":\"SearchAction\",\"target\":{\"@type\":\"EntryPoint\",\"urlTemplate\":\"https:\/\/tschoeams-biere.at\/?s={search_term_string}\"},\"query-input\":{\"@type\":\"PropertyValueSpecification\",\"valueRequired\":true,\"valueName\":\"search_term_string\"}}],\"inLanguage\":\"de\"},{\"@type\":\"Organization\",\"@id\":\"https:\/\/tschoeams-biere.at\/#organization\",\"name\":\"TSCH\u00d6AMs BIERE\",\"url\":\"https:\/\/tschoeams-biere.at\/\",\"logo\":{\"@type\":\"ImageObject\",\"inLanguage\":\"de\",\"@id\":\"https:\/\/tschoeams-biere.at\/#\/schema\/logo\/image\/\",\"url\":\"https:\/\/tschoeams-biere.at\/wp-content\/uploads\/2020\/10\/tschoeams-biere_logo.jpg\",\"contentUrl\":\"https:\/\/tschoeams-biere.at\/wp-content\/uploads\/2020\/10\/tschoeams-biere_logo.jpg\",\"width\":560,\"height\":115,\"caption\":\"TSCH\u00d6AMs BIERE\"},\"image\":{\"@id\":\"https:\/\/tschoeams-biere.at\/#\/schema\/logo\/image\/\"},\"sameAs\":[\"https:\/\/www.facebook.com\/lovemybeers\/\",\"https:\/\/www.instagram.com\/tschoeams\/?hl=de\"]}]}<\/script>\n<!-- \/ Yoast SEO plugin. -->","yoast_head_json":{"title":"Gutschein \u20ac 10,- TSCH\u00d6AMs BIERE","description":"Bier, Craftbier, Gutschein, Tsch\u00f6ams Biere, Genuss, M\u00f6dling, Maria Enzersdorf","robots":{"index":"index","follow":"follow","max-snippet":"max-snippet:-1","max-image-preview":"max-image-preview:large","max-video-preview":"max-video-preview:-1"},"canonical":"https:\/\/tschoeams-biere.at\/?product=bier","og_locale":"de_DE","og_type":"article","og_title":"Gutschein \u20ac 10,- TSCH\u00d6AMs BIERE","og_description":"Bier, Craftbier, Gutschein, Tsch\u00f6ams Biere, Genuss, M\u00f6dling, Maria Enzersdorf","og_url":"https:\/\/tschoeams-biere.at\/?product=bier","og_site_name":"TSCH\u00d6AMs BIERE","article_publisher":"https:\/\/www.facebook.com\/lovemybeers\/","article_modified_time":"2021-03-22T10:55:22+00:00","og_image":[{"width":800,"height":1024,"url":"https:\/\/tschoeams-biere.at\/wp-content\/uploads\/2021\/01\/Gutschein-E-10-scaled-e1609713455115.jpg","type":"image\/jpeg"}],"twitter_card":"summary_large_image","schema":{"@context":"https:\/\/schema.org","@graph":[{"@type":"WebPage","@id":"https:\/\/tschoeams-biere.at\/?product=bier","url":"https:\/\/tschoeams-biere.at\/?product=bier","name":"Gutschein \u20ac 10,- TSCH\u00d6AMs BIERE","isPartOf":{"@id":"https:\/\/tschoeams-biere.at\/#website"},"primaryImageOfPage":{"@id":"https:\/\/tschoeams-biere.at\/?product=bier#primaryimage"},"image":{"@id":"https:\/\/tschoeams-biere.at\/?product=bier#primaryimage"},"thumbnailUrl":"https:\/\/tschoeams-biere.at\/wp-content\/uploads\/2021\/01\/Gutschein-E-10-scaled-e1609713455115.jpg","datePublished":"2021-01-03T22:31:22+00:00","dateModified":"2021-03-22T10:55:22+00:00","description":"Bier, Craftbier, Gutschein, Tsch\u00f6ams Biere, Genuss, M\u00f6dling, Maria Enzersdorf","breadcrumb":{"@id":"https:\/\/tschoeams-biere.at\/?product=bier#breadcrumb"},"inLanguage":"de","potentialAction":[{"@type":"ReadAction","target":["https:\/\/tschoeams-biere.at\/?product=bier"]}]},{"@type":"ImageObject","inLanguage":"de","@id":"https:\/\/tschoeams-biere.at\/?product=bier#primaryimage","url":"https:\/\/tschoeams-biere.at\/wp-content\/uploads\/2021\/01\/Gutschein-E-10-scaled-e1609713455115.jpg","contentUrl":"https:\/\/tschoeams-biere.at\/wp-content\/uploads\/2021\/01\/Gutschein-E-10-scaled-e1609713455115.jpg","width":800,"height":1024},{"@type":"BreadcrumbList","@id":"https:\/\/tschoeams-biere.at\/?product=bier#breadcrumb","itemListElement":[{"@type":"ListItem","position":1,"name":"Home","item":"https:\/\/tschoeams-biere.at\/"},{"@type":"ListItem","position":2,"name":"Shop","item":"https:\/\/tschoeams-biere.at\/?page_id=123"},{"@type":"ListItem","position":3,"name":"Gutschein \u20ac 10,-"}]},{"@type":"WebSite","@id":"https:\/\/tschoeams-biere.at\/#website","url":"https:\/\/tschoeams-biere.at\/","name":"TSCH\u00d6AMs BIERE","description":"CRAFTBIER AUS M\u00d6DLING","publisher":{"@id":"https:\/\/tschoeams-biere.at\/#organization"},"potentialAction":[{"@type":"SearchAction","target":{"@type":"EntryPoint","urlTemplate":"https:\/\/tschoeams-biere.at\/?s={search_term_string}"},"query-input":{"@type":"PropertyValueSpecification","valueRequired":true,"valueName":"search_term_string"}}],"inLanguage":"de"},{"@type":"Organization","@id":"https:\/\/tschoeams-biere.at\/#organization","name":"TSCH\u00d6AMs BIERE","url":"https:\/\/tschoeams-biere.at\/","logo":{"@type":"ImageObject","inLanguage":"de","@id":"https:\/\/tschoeams-biere.at\/#\/schema\/logo\/image\/","url":"https:\/\/tschoeams-biere.at\/wp-content\/uploads\/2020\/10\/tschoeams-biere_logo.jpg","contentUrl":"https:\/\/tschoeams-biere.at\/wp-content\/uploads\/2020\/10\/tschoeams-biere_logo.jpg","width":560,"height":115,"caption":"TSCH\u00d6AMs BIERE"},"image":{"@id":"https:\/\/tschoeams-biere.at\/#\/schema\/logo\/image\/"},"sameAs":["https:\/\/www.facebook.com\/lovemybeers\/","https:\/\/www.instagram.com\/tschoeams\/?hl=de"]}]}},"jetpack_sharing_enabled":true,"_links":{"self":[{"href":"https:\/\/tschoeams-biere.at\/index.php?rest_route=\/wp\/v2\/product\/625","targetHints":{"allow":["GET"]}}],"collection":[{"href":"https:\/\/tschoeams-biere.at\/index.php?rest_route=\/wp\/v2\/product"}],"about":[{"href":"https:\/\/tschoeams-biere.at\/index.php?rest_route=\/wp\/v2\/types\/product"}],"replies":[{"embeddable":true,"href":"https:\/\/tschoeams-biere.at\/index.php?rest_route=%2Fwp%2Fv2%2Fcomments&post=625"}],"wp:featuredmedia":[{"embeddable":true,"href":"https:\/\/tschoeams-biere.at\/index.php?rest_route=\/wp\/v2\/media\/628"}],"wp:attachment":[{"href":"https:\/\/tschoeams-biere.at\/index.php?rest_route=%2Fwp%2Fv2%2Fmedia&parent=625"}],"wp:term":[{"taxonomy":"product_brand","embeddable":true,"href":"https:\/\/tschoeams-biere.at\/index.php?rest_route=%2Fwp%2Fv2%2Fproduct_brand&post=625"},{"taxonomy":"product_cat","embeddable":true,"href":"https:\/\/tschoeams-biere.at\/index.php?rest_route=%2Fwp%2Fv2%2Fproduct_cat&post=625"},{"taxonomy":"product_tag","embeddable":true,"href":"https:\/\/tschoeams-biere.at\/index.php?rest_route=%2Fwp%2Fv2%2Fproduct_tag&post=625"}],"curies":[{"name":"wp","href":"https:\/\/api.w.org\/{rel}","templated":true}]}}